{"id":1102,"date":"2019-11-14T13:36:49","date_gmt":"2019-11-14T19:36:49","guid":{"rendered":"https:\/\/calvarynm.church\/nob-hill\/?page_id=1102"},"modified":"2021-10-25T14:20:53","modified_gmt":"2021-10-25T20:20:53","slug":"beliefs","status":"publish","type":"page","link":"https:\/\/calvarynm.church\/espanol\/about\/beliefs\/","title":{"rendered":"Beliefs"},"content":{"rendered":"<div class=\"vce-row-container\"><div class=\"vce-row vce-row--col-gap-30 vce-row-no-paddings vce-row-content--top\" data-vce-full-width=\"true\" data-vce-stretch-content=\"true\" id=\"el-bf1292bc\" data-vce-do-apply=\"all el-bf1292bc\"><div class=\"vce-row-content\" data-vce-element-content=\"true\"><div class=\"vce-col vce-col--md-auto vce-col--xs-1 vce-col--xs-last vce-col--xs-first vce-col--sm-last vce-col--sm-first vce-col--md-last vce-col--lg-last vce-col--xl-last vce-col--md-first vce-col--lg-first vce-col--xl-first\" id=\"el-5164cd25\"><div class=\"vce-col-inner\" data-vce-do-apply=\"border margin background  el-5164cd25\"><div class=\"vce-col-content\" data-vce-element-content=\"true\" data-vce-do-apply=\"padding el-5164cd25\"><section class=\"vce-hero-section-container vce-hero-section-media--xs vce-hero-section-media--sm vce-hero-section-media--md vce-hero-section-media--lg vce-hero-section-media--xl\"><div class=\"vce vce-hero-section\" id=\"el-403068c0\" data-vce-do-apply=\"margin background border  el-403068c0\"><div class=\"vce-hero-section--wrap-row vce-hero-section--background-position-center-center\" style=\"background-image: url('https:\/\/calvarynm.church\/nob-hill\/wp-content\/uploads\/sites\/3\/visualcomposer-assets\/templates\/5dcdab09629eb\/assets\/elements\/about-beliefs-hero.jpg');\"><div class=\"vce-hero-section--wrap\"><div class=\"vce-hero-section--content\" data-vce-do-apply=\"padding el-403068c0\"><div class=\"vce-hero-section--content-container\"><h1>LO QUE CREEMOS<\/h1><\/div><\/div><\/div><\/div><\/div><\/section><div class=\"vce-basic-menu-container\" id=\"el-cd2d1a30\" data-vce-basic-menu=\"true\" data-vce-basic-menu-to-sandwich=\"\"><div class=\"vce-basic-menu-inner vce vce-basic-menu--style-text--color-b-255-255-255 vce-basic-menu--style-text--hover-color-b-215-27-35 vce-basic-menu--style-sub-menu-text--color-3E3D3D vce-basic-menu--style-sub-menu-background--color-ffffff vce-basic-menu--style-sub-menu-outline--color-EDEDED\" data-vce-do-apply=\"margin padding border background  el-cd2d1a30\"><div class=\"vce-basic-menu\" style=\"font-size: 14px;\"><div class=\"vce-basic-menu-wrapper vce-basic-menu--alignment-center\"><nav class=\"menu-about-container\"><ul  class=\"menu\"><li class=\"menu-item menu-item-type-post_type menu-item-object-page menu-item-1519\"><a href=\"https:\/\/calvarynm.church\/espanol\/about\/vision\/\">VISI\u00d3N<\/a><\/li>\n<li class=\"menu-item menu-item-type-post_type menu-item-object-page menu-item-1518\"><a href=\"https:\/\/calvarynm.church\/espanol\/about\/beliefs\/\">CREENCIAS<\/a><\/li>\n<li class=\"menu-item menu-item-type-post_type menu-item-object-page menu-item-607\"><a href=\"https:\/\/calvarynm.church\/espanol\/about\/team\/\">EQUIPO<\/a><\/li>\n<li class=\"menu-item menu-item-type-post_type menu-item-object-page menu-item-1520\"><a href=\"https:\/\/calvarynm.church\/espanol\/about\/common-questions\/\">PREGUNTAS COMUNES<\/a><\/li>\n<\/ul><\/nav><\/div><\/div><\/div><\/div><\/div><\/div><\/div><\/div><\/div><\/div><div class=\"vce-row-container\" data-vce-boxed-width=\"true\"><div class=\"vce-row vce-row--col-gap-30 vce-row-content--top\" id=\"el-4c973431\" data-vce-do-apply=\"all el-4c973431\"><div class=\"vce-row-content\" data-vce-element-content=\"true\"><div class=\"vce-col vce-col--md-auto vce-col--xs-1 vce-col--xs-last vce-col--xs-first vce-col--sm-last vce-col--sm-first vce-col--md-last vce-col--lg-last vce-col--xl-last vce-col--md-first vce-col--lg-first vce-col--xl-first\" id=\"el-6bdb51af\"><div class=\"vce-col-inner\" data-vce-do-apply=\"border margin background  el-6bdb51af\"><div class=\"vce-col-content\" data-vce-element-content=\"true\" data-vce-do-apply=\"padding el-6bdb51af\"><div class=\"vce-faq-toggle vce-faq-toggle-color--b-255-255-255\"><div class=\"vce-faq-toggle-wrapper vce\" id=\"el-ff7a1eef\" data-vce-do-apply=\"margin padding border background  el-ff7a1eef\"><div class=\"vce-faq-toggle-inner\"><div class=\"vce-faq-toggle-title\"><div class=\"vce-faq-toggle-title-text\"><i class=\"vce-faq-toggle-icon\"><\/i>Lo Que Creemos<\/div><\/div><div class=\"vce-faq-toggle-text-block\"><p>Creemos que hay un solo Dios vivo y verdadero, que existe eternamente en tres personas: el Padre, el Hijo y el Esp\u00edritu Santo, iguales en poder y gloria; este Dios tripartito cre\u00f3 todo, sostiene todo y gobierna todo seg\u00fan el prop\u00f3sito de su voluntad.<\/p><\/div><\/div><\/div><\/div><div class=\"vce-faq-toggle vce-faq-toggle-color--b-255-255-255\"><div class=\"vce-faq-toggle-wrapper vce\" id=\"el-f8a58202\" data-vce-do-apply=\"margin padding border background  el-f8a58202\"><div class=\"vce-faq-toggle-inner\"><div class=\"vce-faq-toggle-title\"><div class=\"vce-faq-toggle-title-text\"><i class=\"vce-faq-toggle-icon\"><\/i>Dios el Padre<\/div><\/div><div class=\"vce-faq-toggle-text-block\"><p>Creemos que Dios es esencialmente Esp\u00edritu, personal, trascendente, soberano, vida, amor, verdad, todopoderoso, infinitamente eterno, inmutable, sabio, justo, santo, relacional, de naturaleza pura, din\u00e1mico, infalible en todas las cosas, incluyendo su presciencia de todas las decisiones y eventos futuros.<\/p><p>Creemos que Dios Padre se ocupa misericordiosamente de los asuntos de los hombres; que escucha y responde a la oraci\u00f3n; y que salva del pecado y de la muerte a todos los que acuden a \u00c9l mediante la fe en Jesucristo.<\/p><\/div><\/div><\/div><\/div><div class=\"vce-faq-toggle vce-faq-toggle-color--b-255-255-255\"><div class=\"vce-faq-toggle-wrapper vce\" id=\"el-913b6764\" data-vce-do-apply=\"margin padding border background  el-913b6764\"><div class=\"vce-faq-toggle-inner\"><div class=\"vce-faq-toggle-title\"><div class=\"vce-faq-toggle-title-text\"><i class=\"vce-faq-toggle-icon\"><\/i>Dios el Hijo <\/div><\/div><div class=\"vce-faq-toggle-text-block\"><p>Creemos en Jesucristo, la segunda persona de la Divinidad, el Hijo unig\u00e9nito de Dios, el Mes\u00edas prometido, concebido por el Esp\u00edritu Santo.<\/p><p>Creemos en su nacimiento de una virgen, en su vida sin pecado, en sus milagros, en sus ense\u00f1anzas, en su resurrecci\u00f3n corporal, en su ascensi\u00f3n al cielo, en su intercesi\u00f3n permanente por su pueblo y en su regreso personal y visible a la tierra.<\/p><p>Creemos que Jesucristo es plenamente Dios y plenamente humano, que posee dos naturalezas distintas que est\u00e1n unidas en una sola persona, y que proporcion\u00f3 la expiaci\u00f3n de nuestros pecados mediante su muerte en la cruz. <\/p><\/div><\/div><\/div><\/div><div class=\"vce-faq-toggle vce-faq-toggle-color--b-255-255-255\"><div class=\"vce-faq-toggle-wrapper vce\" id=\"el-2ceae552\" data-vce-do-apply=\"margin padding border background  el-2ceae552\"><div class=\"vce-faq-toggle-inner\"><div class=\"vce-faq-toggle-title\"><div class=\"vce-faq-toggle-title-text\"><i class=\"vce-faq-toggle-icon\"><\/i>Dios el Esp\u00edritu Santo<\/div><\/div><div class=\"vce-faq-toggle-text-block\"><p>Creemos en el Esp\u00edritu Santo, la tercera persona de la Divinidad, que sali\u00f3 del Padre y del Hijo para convencer al mundo del pecado, la justicia y el juicio, y para regenerar, santificar y capacitar a todos los que creen en Jesucristo para el ministerio.<\/p><p>Creemos que el Esp\u00edritu Santo mora en cada creyente en Jesucristo y que es un ayudante, maestro y gu\u00eda permanente.<\/p><p>Creemos en el ministerio presente del Esp\u00edritu Santo y en el ejercicio de todos los dones B\u00edblicos del Esp\u00edritu Santo, para ser empleados dentro de las normas B\u00edblicas. Creemos que el amor es m\u00e1s importante que los dones m\u00e1s espectaculares, y sin este amor, todo ejercicio de los dones espirituales no tiene valor.<\/p><\/div><\/div><\/div><\/div><div class=\"vce-faq-toggle vce-faq-toggle-color--b-255-255-255\"><div class=\"vce-faq-toggle-wrapper vce\" id=\"el-1b695185\" data-vce-do-apply=\"margin padding border background  el-1b695185\"><div class=\"vce-faq-toggle-inner\"><div class=\"vce-faq-toggle-title\"><div class=\"vce-faq-toggle-title-text\"><i class=\"vce-faq-toggle-icon\"><\/i>La Biblia<\/div><\/div><div class=\"vce-faq-toggle-text-block\"><p>Creemos que las Escrituras del Antiguo y Nuevo Testamento son la Palabra de Dios, completamente inspirada sin error en sus manuscritos originales y son la infalible regla de fe y pr\u00e1ctica. La Biblia es la fundaci\u00f3n sobre la cual la iglesia opera y es la base por la cual la iglesia es gobernada. Creemos que la Biblia sustituye cualquier ley terrenal que es contrario a las Santas Escrituras.<\/p><p>Creemos que debemos ense\u00f1ar fielmente la Biblia de tal manera que su mensaje pueda ser aplicado a la vida de un individuo, llevando a esa persona a una mayor madurez en Cristo. Hacemos esto explicando la relevancia de la Biblia para empoderar y transformar vidas para el servicio.<\/p><\/div><\/div><\/div><\/div><div class=\"vce-faq-toggle vce-faq-toggle-color--b-255-255-255\"><div class=\"vce-faq-toggle-wrapper vce\" id=\"el-acbd97ff\" data-vce-do-apply=\"margin padding border background  el-acbd97ff\"><div class=\"vce-faq-toggle-inner\"><div class=\"vce-faq-toggle-title\"><div class=\"vce-faq-toggle-title-text\"><i class=\"vce-faq-toggle-icon\"><\/i>Creaci\u00f3n<\/div><\/div><div class=\"vce-faq-toggle-text-block\"><p>Creemos que Dios es el Creador y Sustentador de los cielos y la tierra y de toda forma b\u00e1sica de vida. Creemos que Dios cre\u00f3 todas las cosas ex nihilo (de la nada) como se ense\u00f1a en el libro del G\u00e9nesis, llam\u00e1ndolo bueno. Creemos que Dios ejerce un cuidado providencial sobre toda forma de vida en su creaci\u00f3n, y llama a los cristianos a ser fieles administradores del mundo natural.<\/p><p>Creemos que Dios cre\u00f3 al hombre y a la mujer como personas biol\u00f3gicas \u00fanicas hechas para completarse mutuamente. Dios instituy\u00f3 el matrimonio mon\u00f3gamo entre hombre y mujer como fundamento de la familia y estructura b\u00e1sica de la sociedad humana. Por esta raz\u00f3n, creemos que el matrimonio es exclusivamente la uni\u00f3n de un hombre y una mujer gen\u00e9ticos, sancionada por la iglesia y reconocida por el estado, como lo demuestra una ceremonia matrimonial.<\/p><\/div><\/div><\/div><\/div><div class=\"vce-faq-toggle vce-faq-toggle-color--b-255-255-255\"><div class=\"vce-faq-toggle-wrapper vce\" id=\"el-71d8cc99\" data-vce-do-apply=\"margin padding border background  el-71d8cc99\"><div class=\"vce-faq-toggle-inner\"><div class=\"vce-faq-toggle-title\"><div class=\"vce-faq-toggle-title-text\"><i class=\"vce-faq-toggle-icon\"><\/i>Humanidad<\/div><\/div><div class=\"vce-faq-toggle-text-block\"><p>Creemos que el hombre es creado a la imagen de Dios; sin embargo, despu\u00e9s de la ca\u00edda de Ad\u00e1n y Eva, todas las personas est\u00e1n por naturaleza separadas de Dios y son responsables de su propio pecado, pero que la salvaci\u00f3n, la redenci\u00f3n y el perd\u00f3n son ofrecidos como un regalo gratuito por el Se\u00f1or Jesucristo a todos basados en Su sola gracia.<\/p><p>Creemos que cuando una persona se arrepiente del pecado y recibe a Jesucristo como Salvador y Se\u00f1or personal, confiando en \u00c9l para salvar, esa persona nace inmediatamente de nuevo y es sellada por el Esp\u00edritu Santo, todos sus pecados son perdonados, y esa persona se convierte en un hijo de Dios, destinado a pasar la eternidad con el Se\u00f1or.<\/p><p>Creemos que Jesucristo bautiza al creyente que busca con el Esp\u00edritu Santo y capacita a los creyentes para el servicio, a menudo despu\u00e9s de la rehabilitaci\u00f3n.<\/p><\/div><\/div><\/div><\/div><div class=\"vce-faq-toggle vce-faq-toggle-color--b-255-255-255\"><div class=\"vce-faq-toggle-wrapper vce\" id=\"el-5776c21c\" data-vce-do-apply=\"margin padding border background  el-5776c21c\"><div class=\"vce-faq-toggle-inner\"><div class=\"vce-faq-toggle-title\"><div class=\"vce-faq-toggle-title-text\"><i class=\"vce-faq-toggle-icon\"><\/i>La Iglesia<\/div><\/div><div class=\"vce-faq-toggle-text-block\"><p>Creemos en la iglesia universal, el cuerpo espiritual vivo, del cual Cristo es la Cabeza, y todas las personas liberadas son miembros.<\/p><p>Creemos que Jes\u00fas encomend\u00f3 dos ordenanzas a la iglesia: 1) el bautismo y 2) la Cena del Se\u00f1or. Creemos en el bautismo por inmersi\u00f3n y en la comuni\u00f3n abierta a todos los creyentes.<\/p><p>Creemos en la imposici\u00f3n de manos para el bautismo del Esp\u00edritu Santo, para la ordenaci\u00f3n de pastores, ancianos y di\u00e1conos, y para recibir del Esp\u00edritu Santo a trav\u00e9s del creyente el don de sanidad.<\/p><p>Creemos que la iglesia tiene la responsabilidad de adorar al Se\u00f1or y compartir las buenas nuevas de la muerte y resurrecci\u00f3n de Cristo al mundo, haciendo disc\u00edpulos, bautizando a los creyentes y ense\u00f1\u00e1ndoles a observar la sana doctrina y a vivir una vida santa.<\/p><\/div><\/div><\/div><\/div><div class=\"vce-faq-toggle vce-faq-toggle-color--b-255-255-255\"><div class=\"vce-faq-toggle-wrapper vce\" id=\"el-fa8f594e\" data-vce-do-apply=\"margin padding border background  el-fa8f594e\"><div class=\"vce-faq-toggle-inner\"><div class=\"vce-faq-toggle-title\"><div class=\"vce-faq-toggle-title-text\"><i class=\"vce-faq-toggle-icon\"><\/i>El Regreso de Cristo <\/div><\/div><div class=\"vce-faq-toggle-text-block\"><p>Creemos en el regreso a la tierra en forma personal y visible de Cristo y en el establecimiento de Su reino, en la resurrecci\u00f3n del cuerpo, en el juicio final y la bendici\u00f3n eterna de los justos, y en el sufrimiento interminable de los imp\u00edos.<\/p><\/div><\/div><\/div><\/div><div class=\"vce-faq-toggle vce-faq-toggle-color--b-255-255-255\"><div class=\"vce-faq-toggle-wrapper vce\" id=\"el-03a9e8e1\" data-vce-do-apply=\"margin padding border background  el-03a9e8e1\"><div class=\"vce-faq-toggle-inner\"><div class=\"vce-faq-toggle-title\"><div class=\"vce-faq-toggle-title-text\"><i class=\"vce-faq-toggle-icon\"><\/i>Testigos Hist\u00f3ricos<\/div><\/div><div class=\"vce-faq-toggle-text-block\"><p>Creemos en lo que es llamado el Credo de los Ap\u00f3stoles como encarnaci\u00f3n de los hechos fundamentales de la fe cristiana.<\/p><p>Creo en Dios Padre Todopoderoso,<br>Creador del cielo y de la tierra;<\/p><p>Creo en Jesucristo, su \u00fanico Hijo, Se\u00f1or nuestro;<br>que fue concebido del Esp\u00edritu Santo,<br>naci\u00f3 de la virgen Mar\u00eda,<br>padeci\u00f3 bajo el poder de Poncio Pilatos;<br>fue crucificado, muri\u00f3 y fue sepultado;<br>descendi\u00f3 a los infiernos;<br>al tercer d\u00eda resucit\u00f3 de entre los muertos;<br>subi\u00f3 al cielo, y est\u00e1 sentado a la diestra de Dios Padre Todopoderoso;<br>y desde all\u00ed vendr\u00e1 al fin del mundo a juzgar a los vivos y a los muertos.<\/p><p>Creo en el Esp\u00edritu Santo,<br>la Santa Iglesia Universal,<br>la comuni\u00f3n de los santos,<br>el perd\u00f3n de los pecados,<br>la resurrecci\u00f3n del cuerpo, y la vida eterna.<\/p><\/div><\/div><\/div><\/div><\/div><\/div><\/div><\/div><\/div><\/div><div class=\"vce-row-container\"><div class=\"vce-row vce-row--col-gap-30 vce-row-no-paddings vce-row-content--top\" data-vce-full-width=\"true\" data-vce-stretch-content=\"true\" id=\"el-b4d6d6be\" data-vce-do-apply=\"all el-b4d6d6be\"><div class=\"vce-row-content\" data-vce-element-content=\"true\"><div class=\"vce-col vce-col--md-auto vce-col--xs-1 vce-col--xs-last vce-col--xs-first vce-col--sm-last vce-col--sm-first vce-col--md-last vce-col--lg-last vce-col--xl-last vce-col--md-first vce-col--lg-first vce-col--xl-first\" id=\"el-39ee6dd7\"><div class=\"vce-col-inner\" data-vce-do-apply=\"border margin background  el-39ee6dd7\"><div class=\"vce-col-content\" data-vce-element-content=\"true\" data-vce-do-apply=\"padding el-39ee6dd7\"><section class=\"vce-hero-section-container vce-hero-section-media--xs vce-hero-section-media--sm vce-hero-section-media--md vce-hero-section-media--lg vce-hero-section-media--xl\"><div class=\"vce vce-hero-section\" id=\"el-9e7a3874\" data-vce-do-apply=\"margin background border  el-9e7a3874\"><div class=\"vce-hero-section--wrap-row vce-hero-section--background-position-center-center\" style=\"background-image: url('https:\/\/calvarynm.church\/nob-hill\/wp-content\/uploads\/sites\/3\/visualcomposer-assets\/templates\/5dcdab09629eb\/assets\/elements\/pp.jpg');\"><div class=\"vce-hero-section--wrap\"><div class=\"vce-hero-section--content\" data-vce-do-apply=\"padding el-9e7a3874\"><div class=\"vce-hero-section--content-container\"><\/div><\/div><\/div><\/div><\/div><\/section><\/div><\/div><\/div><\/div><\/div><\/div>\n","protected":false},"excerpt":{"rendered":"<p>LO QUE CREEMOSLo Que CreemosCreemos que hay un solo Dios vivo y verdadero, que existe eternamente en tres personas: el Padre, el Hijo y el Esp\u00edritu Santo, iguales en poder y gloria; este Dios tripartito cre\u00f3 todo, sostiene todo y gobierna todo seg\u00fan el prop\u00f3sito de su voluntad.Dios el PadreCreemos que Dios es esencialmente Esp\u00edritu, [&hellip;]<\/p>\n","protected":false},"author":3,"featured_media":0,"parent":138,"menu_order":0,"comment_status":"closed","ping_status":"closed","template":"","meta":{"_acf_changed":false,"_monsterinsights_skip_tracking":false,"_monsterinsights_sitenote_active":false,"_monsterinsights_sitenote_note":"","_monsterinsights_sitenote_category":0,"footnotes":""},"class_list":["post-1102","page","type-page","status-publish","hentry"],"acf":[],"yoast_head":"<!-- This site is optimized with the Yoast SEO plugin v27.4 - https:\/\/yoast.com\/product\/yoast-seo-wordpress\/ -->\n<title>Beliefs - Calvary Church | Espa\u00f1ol<\/title>\n<meta name=\"robots\" content=\"index, follow, max-snippet:-1, max-image-preview:large, max-video-preview:-1\" \/>\n<link rel=\"canonical\" href=\"https:\/\/calvarynm.church\/espanol\/about\/beliefs\/\" \/>\n<meta property=\"og:locale\" content=\"en_US\" \/>\n<meta property=\"og:type\" content=\"article\" \/>\n<meta property=\"og:title\" content=\"Beliefs - Calvary Church | Espa\u00f1ol\" \/>\n<meta property=\"og:description\" content=\"LO QUE CREEMOSLo Que CreemosCreemos que hay un solo Dios vivo y verdadero, que existe eternamente en tres personas: el Padre, el Hijo y el Esp\u00edritu Santo, iguales en poder y gloria; este Dios tripartito cre\u00f3 todo, sostiene todo y gobierna todo seg\u00fan el prop\u00f3sito de su voluntad.Dios el PadreCreemos que Dios es esencialmente Esp\u00edritu, [&hellip;]\" \/>\n<meta property=\"og:url\" content=\"https:\/\/calvarynm.church\/espanol\/about\/beliefs\/\" \/>\n<meta property=\"og:site_name\" content=\"Calvary Church | Espa\u00f1ol\" \/>\n<meta property=\"article:modified_time\" content=\"2021-10-25T20:20:53+00:00\" \/>\n<meta name=\"twitter:card\" content=\"summary_large_image\" \/>\n<meta name=\"twitter:label1\" content=\"Est. reading time\" \/>\n\t<meta name=\"twitter:data1\" content=\"6 minutes\" \/>\n<script type=\"application\/ld+json\" class=\"yoast-schema-graph\">{\"@context\":\"https:\\\/\\\/schema.org\",\"@graph\":[{\"@type\":\"WebPage\",\"@id\":\"https:\\\/\\\/calvarynm.church\\\/espanol\\\/about\\\/beliefs\\\/\",\"url\":\"https:\\\/\\\/calvarynm.church\\\/espanol\\\/about\\\/beliefs\\\/\",\"name\":\"Beliefs - Calvary Church | Espa\u00f1ol\",\"isPartOf\":{\"@id\":\"https:\\\/\\\/calvarynm.church\\\/espanol\\\/#website\"},\"datePublished\":\"2019-11-14T19:36:49+00:00\",\"dateModified\":\"2021-10-25T20:20:53+00:00\",\"breadcrumb\":{\"@id\":\"https:\\\/\\\/calvarynm.church\\\/espanol\\\/about\\\/beliefs\\\/#breadcrumb\"},\"inLanguage\":\"en-US\",\"potentialAction\":[{\"@type\":\"ReadAction\",\"target\":[\"https:\\\/\\\/calvarynm.church\\\/espanol\\\/about\\\/beliefs\\\/\"]}]},{\"@type\":\"BreadcrumbList\",\"@id\":\"https:\\\/\\\/calvarynm.church\\\/espanol\\\/about\\\/beliefs\\\/#breadcrumb\",\"itemListElement\":[{\"@type\":\"ListItem\",\"position\":1,\"name\":\"Home\",\"item\":\"https:\\\/\\\/calvarynm.church\\\/espanol\\\/\"},{\"@type\":\"ListItem\",\"position\":2,\"name\":\"About\",\"item\":\"https:\\\/\\\/calvarynm.church\\\/espanol\\\/about\\\/\"},{\"@type\":\"ListItem\",\"position\":3,\"name\":\"Beliefs\"}]},{\"@type\":\"WebSite\",\"@id\":\"https:\\\/\\\/calvarynm.church\\\/espanol\\\/#website\",\"url\":\"https:\\\/\\\/calvarynm.church\\\/espanol\\\/\",\"name\":\"Calvary Church | Espa\u00f1ol\",\"description\":\"\",\"publisher\":{\"@id\":\"https:\\\/\\\/calvarynm.church\\\/espanol\\\/#organization\"},\"potentialAction\":[{\"@type\":\"SearchAction\",\"target\":{\"@type\":\"EntryPoint\",\"urlTemplate\":\"https:\\\/\\\/calvarynm.church\\\/espanol\\\/?s={search_term_string}\"},\"query-input\":{\"@type\":\"PropertyValueSpecification\",\"valueRequired\":true,\"valueName\":\"search_term_string\"}}],\"inLanguage\":\"en-US\"},{\"@type\":\"Organization\",\"@id\":\"https:\\\/\\\/calvarynm.church\\\/espanol\\\/#organization\",\"name\":\"Calvary Church | Espa\u00f1ol\",\"url\":\"https:\\\/\\\/calvarynm.church\\\/espanol\\\/\",\"logo\":{\"@type\":\"ImageObject\",\"inLanguage\":\"en-US\",\"@id\":\"https:\\\/\\\/calvarynm.church\\\/espanol\\\/#\\\/schema\\\/logo\\\/image\\\/\",\"url\":\"https:\\\/\\\/calvarynm.church\\\/espanol\\\/wp-content\\\/uploads\\\/sites\\\/5\\\/2018\\\/11\\\/logo-header.png\",\"contentUrl\":\"https:\\\/\\\/calvarynm.church\\\/espanol\\\/wp-content\\\/uploads\\\/sites\\\/5\\\/2018\\\/11\\\/logo-header.png\",\"width\":399,\"height\":126,\"caption\":\"Calvary Church | Espa\u00f1ol\"},\"image\":{\"@id\":\"https:\\\/\\\/calvarynm.church\\\/espanol\\\/#\\\/schema\\\/logo\\\/image\\\/\"}}]}<\/script>\n<!-- \/ Yoast SEO plugin. -->","yoast_head_json":{"title":"Beliefs - Calvary Church | Espa\u00f1ol","robots":{"index":"index","follow":"follow","max-snippet":"max-snippet:-1","max-image-preview":"max-image-preview:large","max-video-preview":"max-video-preview:-1"},"canonical":"https:\/\/calvarynm.church\/espanol\/about\/beliefs\/","og_locale":"en_US","og_type":"article","og_title":"Beliefs - Calvary Church | Espa\u00f1ol","og_description":"LO QUE CREEMOSLo Que CreemosCreemos que hay un solo Dios vivo y verdadero, que existe eternamente en tres personas: el Padre, el Hijo y el Esp\u00edritu Santo, iguales en poder y gloria; este Dios tripartito cre\u00f3 todo, sostiene todo y gobierna todo seg\u00fan el prop\u00f3sito de su voluntad.Dios el PadreCreemos que Dios es esencialmente Esp\u00edritu, [&hellip;]","og_url":"https:\/\/calvarynm.church\/espanol\/about\/beliefs\/","og_site_name":"Calvary Church | Espa\u00f1ol","article_modified_time":"2021-10-25T20:20:53+00:00","twitter_card":"summary_large_image","twitter_misc":{"Est. reading time":"6 minutes"},"schema":{"@context":"https:\/\/schema.org","@graph":[{"@type":"WebPage","@id":"https:\/\/calvarynm.church\/espanol\/about\/beliefs\/","url":"https:\/\/calvarynm.church\/espanol\/about\/beliefs\/","name":"Beliefs - Calvary Church | Espa\u00f1ol","isPartOf":{"@id":"https:\/\/calvarynm.church\/espanol\/#website"},"datePublished":"2019-11-14T19:36:49+00:00","dateModified":"2021-10-25T20:20:53+00:00","breadcrumb":{"@id":"https:\/\/calvarynm.church\/espanol\/about\/beliefs\/#breadcrumb"},"inLanguage":"en-US","potentialAction":[{"@type":"ReadAction","target":["https:\/\/calvarynm.church\/espanol\/about\/beliefs\/"]}]},{"@type":"BreadcrumbList","@id":"https:\/\/calvarynm.church\/espanol\/about\/beliefs\/#breadcrumb","itemListElement":[{"@type":"ListItem","position":1,"name":"Home","item":"https:\/\/calvarynm.church\/espanol\/"},{"@type":"ListItem","position":2,"name":"About","item":"https:\/\/calvarynm.church\/espanol\/about\/"},{"@type":"ListItem","position":3,"name":"Beliefs"}]},{"@type":"WebSite","@id":"https:\/\/calvarynm.church\/espanol\/#website","url":"https:\/\/calvarynm.church\/espanol\/","name":"Calvary Church | Espa\u00f1ol","description":"","publisher":{"@id":"https:\/\/calvarynm.church\/espanol\/#organization"},"potentialAction":[{"@type":"SearchAction","target":{"@type":"EntryPoint","urlTemplate":"https:\/\/calvarynm.church\/espanol\/?s={search_term_string}"},"query-input":{"@type":"PropertyValueSpecification","valueRequired":true,"valueName":"search_term_string"}}],"inLanguage":"en-US"},{"@type":"Organization","@id":"https:\/\/calvarynm.church\/espanol\/#organization","name":"Calvary Church | Espa\u00f1ol","url":"https:\/\/calvarynm.church\/espanol\/","logo":{"@type":"ImageObject","inLanguage":"en-US","@id":"https:\/\/calvarynm.church\/espanol\/#\/schema\/logo\/image\/","url":"https:\/\/calvarynm.church\/espanol\/wp-content\/uploads\/sites\/5\/2018\/11\/logo-header.png","contentUrl":"https:\/\/calvarynm.church\/espanol\/wp-content\/uploads\/sites\/5\/2018\/11\/logo-header.png","width":399,"height":126,"caption":"Calvary Church | Espa\u00f1ol"},"image":{"@id":"https:\/\/calvarynm.church\/espanol\/#\/schema\/logo\/image\/"}}]}},"_links":{"self":[{"href":"https:\/\/calvarynm.church\/espanol\/wp-json\/wp\/v2\/pages\/1102","targetHints":{"allow":["GET"]}}],"collection":[{"href":"https:\/\/calvarynm.church\/espanol\/wp-json\/wp\/v2\/pages"}],"about":[{"href":"https:\/\/calvarynm.church\/espanol\/wp-json\/wp\/v2\/types\/page"}],"author":[{"embeddable":true,"href":"https:\/\/calvarynm.church\/espanol\/wp-json\/wp\/v2\/users\/3"}],"replies":[{"embeddable":true,"href":"https:\/\/calvarynm.church\/espanol\/wp-json\/wp\/v2\/comments?post=1102"}],"version-history":[{"count":0,"href":"https:\/\/calvarynm.church\/espanol\/wp-json\/wp\/v2\/pages\/1102\/revisions"}],"up":[{"embeddable":true,"href":"https:\/\/calvarynm.church\/espanol\/wp-json\/wp\/v2\/pages\/138"}],"wp:attachment":[{"href":"https:\/\/calvarynm.church\/espanol\/wp-json\/wp\/v2\/media?parent=1102"}],"curies":[{"name":"wp","href":"https:\/\/api.w.org\/{rel}","templated":true}]}}