{"id":1114,"date":"2019-11-14T14:39:21","date_gmt":"2019-11-14T20:39:21","guid":{"rendered":"https:\/\/calvarynm.church\/nob-hill\/?page_id=1114"},"modified":"2024-04-11T13:40:24","modified_gmt":"2024-04-11T19:40:24","slug":"common-questions","status":"publish","type":"page","link":"https:\/\/calvarynm.church\/espanol\/about\/common-questions\/","title":{"rendered":"Common Questions"},"content":{"rendered":"<div class=\"vce-row-container\"><div class=\"vce-row vce-row--col-gap-30 vce-row-no-paddings vce-row-content--top\" data-vce-full-width=\"true\" data-vce-stretch-content=\"true\" id=\"el-bd02ce78\" data-vce-do-apply=\"all el-bd02ce78\"><div class=\"vce-row-content\" data-vce-element-content=\"true\"><div class=\"vce-col vce-col--md-auto vce-col--xs-1 vce-col--xs-last vce-col--xs-first vce-col--sm-last vce-col--sm-first vce-col--md-last vce-col--lg-last vce-col--xl-last vce-col--md-first vce-col--lg-first vce-col--xl-first\" id=\"el-512bf9a2\"><div class=\"vce-col-inner\" data-vce-do-apply=\"border margin background  el-512bf9a2\"><div class=\"vce-col-content\" data-vce-element-content=\"true\" data-vce-do-apply=\"padding el-512bf9a2\"><section class=\"vce-hero-section-container vce-hero-section-media--xs vce-hero-section-media--sm vce-hero-section-media--md vce-hero-section-media--lg vce-hero-section-media--xl\"><div class=\"vce vce-hero-section\" id=\"el-a0449c96\" data-vce-do-apply=\"margin background border  el-a0449c96\"><div class=\"vce-hero-section--wrap-row vce-hero-section--background-position-center-center\" style=\"background-image: url('https:\/\/calvarynm.church\/nob-hill\/wp-content\/uploads\/sites\/3\/2019\/12\/common-questions-hero.jpg');\"><div class=\"vce-hero-section--wrap\"><div class=\"vce-hero-section--content\" data-vce-do-apply=\"padding el-a0449c96\"><div class=\"vce-hero-section--content-container\"><h1>PREGUNTAS COMUNES<\/h1><\/div><\/div><\/div><\/div><\/div><\/section><div class=\"vce-basic-menu-container\" id=\"el-bba07b6e\" data-vce-basic-menu=\"true\" data-vce-basic-menu-to-sandwich=\"\"><div class=\"vce-basic-menu-inner vce vce-basic-menu--style-text--color-b-255-255-255 vce-basic-menu--style-text--hover-color-b-215-27-35 vce-basic-menu--style-sub-menu-text--color-3E3D3D vce-basic-menu--style-sub-menu-background--color-ffffff vce-basic-menu--style-sub-menu-outline--color-EDEDED\" data-vce-do-apply=\"margin padding border background  el-bba07b6e\"><div class=\"vce-basic-menu\" style=\"font-size: 14px;\"><div class=\"vce-basic-menu-wrapper vce-basic-menu--alignment-center\"><nav class=\"menu-about-container\"><ul  class=\"menu\"><li class=\"menu-item menu-item-type-post_type menu-item-object-page menu-item-1519\"><a href=\"https:\/\/calvarynm.church\/espanol\/about\/vision\/\">VISI\u00d3N<\/a><\/li>\n<li class=\"menu-item menu-item-type-post_type menu-item-object-page menu-item-1518\"><a href=\"https:\/\/calvarynm.church\/espanol\/about\/beliefs\/\">CREENCIAS<\/a><\/li>\n<li class=\"menu-item menu-item-type-post_type menu-item-object-page menu-item-607\"><a href=\"https:\/\/calvarynm.church\/espanol\/about\/team\/\">EQUIPO<\/a><\/li>\n<li class=\"menu-item menu-item-type-post_type menu-item-object-page menu-item-1520\"><a href=\"https:\/\/calvarynm.church\/espanol\/about\/common-questions\/\">PREGUNTAS COMUNES<\/a><\/li>\n<\/ul><\/nav><\/div><\/div><\/div><\/div><\/div><\/div><\/div><\/div><\/div><\/div><div class=\"vce-row-container\" data-vce-boxed-width=\"true\"><div class=\"vce-row vce-row--col-gap-30 vce-row-content--top\" id=\"el-f8b77cc2\" data-vce-do-apply=\"all el-f8b77cc2\"><div class=\"vce-row-content\" data-vce-element-content=\"true\"><div class=\"vce-col vce-col--md-auto vce-col--xs-1 vce-col--xs-last vce-col--xs-first vce-col--sm-last vce-col--sm-first vce-col--md-last vce-col--lg-last vce-col--xl-last vce-col--md-first vce-col--lg-first vce-col--xl-first\" id=\"el-761d9523\"><div class=\"vce-col-inner\" data-vce-do-apply=\"border margin background  el-761d9523\"><div class=\"vce-col-content\" data-vce-element-content=\"true\" data-vce-do-apply=\"padding el-761d9523\"><div class=\"vce-faq-toggle vce-faq-toggle-color--b-255-255-255\"><div class=\"vce-faq-toggle-wrapper vce\" id=\"el-d210d6a8\" data-vce-do-apply=\"margin padding border background  el-d210d6a8\"><div class=\"vce-faq-toggle-inner\"><div class=\"vce-faq-toggle-title\"><div class=\"vce-faq-toggle-title-text\"><i class=\"vce-faq-toggle-icon\"><\/i>\u00bfQU\u00c9 CREES ACERCA DE CALVARY CHURCH?<\/div><\/div><div class=\"vce-faq-toggle-text-block\"><p>Nos alegra que hayas preguntado. Creemos que hay un solo Dios vivo y verdadero, que existe eternamente en tres personas: el Padre, el Hijo, y el Esp\u00edritu Santo, iguales en poder y gloria. En esta Trinidad Dios creo todo, sostiene todo y gobierna todo seg\u00fan su voluntad. <a href=\"https:\/\/calvarynm.church\/espanol\/about\/beliefs\/\">Descubre lo que creemos acerca de la Biblia, la creaci\u00f3n, el pecado, el regreso de Jes\u00fas y m\u00e1s.<\/a><\/p><\/div><\/div><\/div><\/div><div class=\"vce-faq-toggle vce-faq-toggle-color--b-255-255-255\"><div class=\"vce-faq-toggle-wrapper vce\" id=\"el-9e9bca9d\" data-vce-do-apply=\"margin padding border background  el-9e9bca9d\"><div class=\"vce-faq-toggle-inner\"><div class=\"vce-faq-toggle-title\"><div class=\"vce-faq-toggle-title-text\"><i class=\"vce-faq-toggle-icon\"><\/i>\u00bfQU\u00c9 DENOMINACION ES CALVARY CHURCH?<\/div><\/div><div class=\"vce-faq-toggle-text-block\"><p>Calvary Church es una iglesia cristiana que no se asocia formalmente con una denominaci\u00f3n espec\u00edfica.&nbsp; Aprende acerca de nuestras creencias.<\/p><\/div><\/div><\/div><\/div><div class=\"vce-faq-toggle vce-faq-toggle-color--b-255-255-255\"><div class=\"vce-faq-toggle-wrapper vce\" id=\"el-42aa6730\" data-vce-do-apply=\"margin padding border background  el-42aa6730\"><div class=\"vce-faq-toggle-inner\"><div class=\"vce-faq-toggle-title\"><div class=\"vce-faq-toggle-title-text\"><i class=\"vce-faq-toggle-icon\"><\/i>\u00bfC\u00d3MO PARTICIPO EN CALVARY CHURCH?<\/div><\/div><div class=\"vce-faq-toggle-text-block\"><p>No hay un procedimiento formal para convertirse en miembro de Calvary Church. Somos una comunidad de creyentes que perseguimos al Dios que persigue apasionadamente a un mundo perdido. Nos conectamos unos con otros, a trav\u00e9s de la adoraci\u00f3n, por medio de la Palabra hacia el mundo. Participa en nuestro campus en l\u00ednea, Calvary Church desde Casa, para la adoraci\u00f3n y la ense\u00f1anza basada en la Biblia. Busca los horarios del servicio en l\u00ednea y los programas en nuestra p\u00e1gina de web.<\/p><\/div><\/div><\/div><\/div><div class=\"vce-faq-toggle vce-faq-toggle-color--b-255-255-255\"><div class=\"vce-faq-toggle-wrapper vce\" id=\"el-eebdb231\" data-vce-do-apply=\"margin padding border background  el-eebdb231\"><div class=\"vce-faq-toggle-inner\"><div class=\"vce-faq-toggle-title\"><div class=\"vce-faq-toggle-title-text\"><i class=\"vce-faq-toggle-icon\"><\/i>\u00bfQU\u00c9 TIPO DE ENSENA\u00d1ZA PUEDO ESPERAR DE CALVARY CHURCH? <\/div><\/div><div class=\"vce-faq-toggle-text-block\"><p>Estamos dedicados a propagar una ense\u00f1anza basada en la biblia y queremos que las personas entiendan la escritura a profundidad. Parte de nuestra misi\u00f3n es explicar la importancia de la biblia para permitir y transformar vidas para servir.<\/p><\/div><\/div><\/div><\/div><div class=\"vce-faq-toggle vce-faq-toggle-color--b-255-255-255\"><div class=\"vce-faq-toggle-wrapper vce\" id=\"el-c5269337\" data-vce-do-apply=\"margin padding border background  el-c5269337\"><div class=\"vce-faq-toggle-inner\"><div class=\"vce-faq-toggle-title\"><div class=\"vce-faq-toggle-title-text\"><i class=\"vce-faq-toggle-icon\"><\/i>\u00bfQU\u00c9 PUEDO ESPERAR DE UN SERVICIO EN L\u00cdNEA DE CALVARY CHURCH DESDE CASA?<\/div><\/div><div class=\"vce-faq-toggle-text-block\"><p>No importa cu\u00e1l es tu pasado, eres bienvenido a Calvary Church. En cada servicio expresamos nuestra adoraci\u00f3n a Jes\u00fas a trav\u00e9s de una adoraci\u00f3n din\u00e1mica y explicamos la importancia de la biblia para adquirir y transformar vidas para servir; todo esto con el objetivo de darte la oportunidad de experimentar un cambio de vida.&nbsp; Busca los horarios del servicio en l\u00ednea y los programas en nuestra p\u00e1gina de web.<\/p><\/div><\/div><\/div><\/div><div class=\"vce-faq-toggle vce-faq-toggle-color--b-255-255-255\"><div class=\"vce-faq-toggle-wrapper vce\" id=\"el-c0d47683\" data-vce-do-apply=\"margin padding border background  el-c0d47683\"><div class=\"vce-faq-toggle-inner\"><div class=\"vce-faq-toggle-title\"><div class=\"vce-faq-toggle-title-text\"><i class=\"vce-faq-toggle-icon\"><\/i>\u00bfC\u00d3MO ME PUEDO CONECTAR CON LA COMUNIDAD DE CALVARY CHURCH DESDE CASA?<\/div><\/div><div class=\"vce-faq-toggle-text-block\"><p>La mejor manera de descubrir y conectarse a una comunidad centrada en el evangelio es unirse al Connect Group (Grupo de Enlace) Esta comunidad de grupos en l\u00ednea son un lugar para aprender c\u00f3mo aplicar las ense\u00f1anzas de la biblia y hacer amistades. Se conectan en plataformas de videoconferencias como Zoom y Facebook y son monitoreados por alguien del grupo Calvary Church Life Team. Busca un Connect Group (Grupo de Enlace)<\/p><\/div><\/div><\/div><\/div><div class=\"vce-empty-space-container\" id=\"el-ec3e3e89\" data-vce-do-apply=\"margin el-ec3e3e89\"><div class=\"vce vce-empty-space vce-empty-space--height-50px--400px--400px--400px--400px--400px\" data-vce-do-apply=\"border padding background  el-ec3e3e89\"><\/div><\/div><div class=\"vce-empty-space-container\" id=\"el-a44e0f6c\" data-vce-do-apply=\"margin el-a44e0f6c\"><div class=\"vce vce-empty-space vce-empty-space--height-30px--400px--400px--400px--400px--400px\" data-vce-do-apply=\"border padding background  el-a44e0f6c\"><\/div><\/div><\/div><\/div><\/div><\/div><\/div><\/div><div class=\"vce-row-container\"><div class=\"vce-row vce-row--col-gap-30 vce-row-no-paddings vce-row-content--top\" data-vce-full-width=\"true\" data-vce-stretch-content=\"true\" id=\"el-ee312038\" data-vce-do-apply=\"all el-ee312038\"><div class=\"vce-row-content\" data-vce-element-content=\"true\"><div class=\"vce-col vce-col--md-auto vce-col--xs-1 vce-col--xs-last vce-col--xs-first vce-col--sm-last vce-col--sm-first vce-col--md-last vce-col--lg-last vce-col--xl-last vce-col--md-first vce-col--lg-first vce-col--xl-first\" id=\"el-1dd97275\"><div class=\"vce-col-inner\" data-vce-do-apply=\"border margin background  el-1dd97275\"><div class=\"vce-col-content\" data-vce-element-content=\"true\" data-vce-do-apply=\"padding el-1dd97275\"><section class=\"vce-hero-section-container vce-hero-section-media--xs vce-hero-section-media--sm vce-hero-section-media--md vce-hero-section-media--lg vce-hero-section-media--xl\"><div class=\"vce vce-hero-section\" id=\"el-acd54519\" data-vce-do-apply=\"margin background border  el-acd54519\"><div class=\"vce-hero-section--wrap-row vce-hero-section--background-position-center-center\" style=\"background-image: url('https:\/\/calvarynm.church\/nob-hill\/wp-content\/uploads\/sites\/3\/visualcomposer-assets\/templates\/5dcdb9f8b5f59\/assets\/elements\/Team40.jpg');\"><div class=\"vce-hero-section--wrap\"><div class=\"vce-hero-section--content\" data-vce-do-apply=\"padding el-acd54519\"><div class=\"vce-hero-section--content-container\"><\/div><\/div><\/div><\/div><\/div><\/section><\/div><\/div><\/div><\/div><\/div><\/div>\n","protected":false},"excerpt":{"rendered":"<p>PREGUNTAS COMUNES\u00bfQU\u00c9 CREES ACERCA DE CALVARY CHURCH?Nos alegra que hayas preguntado. Creemos que hay un solo Dios vivo y verdadero, que existe eternamente en tres personas: el Padre, el Hijo, y el Esp\u00edritu Santo, iguales en poder y gloria. En esta Trinidad Dios creo todo, sostiene todo y gobierna todo seg\u00fan su voluntad. Descubre lo [&hellip;]<\/p>\n","protected":false},"author":3,"featured_media":0,"parent":138,"menu_order":0,"comment_status":"closed","ping_status":"closed","template":"","meta":{"_acf_changed":false,"_monsterinsights_skip_tracking":false,"_monsterinsights_sitenote_active":false,"_monsterinsights_sitenote_note":"","_monsterinsights_sitenote_category":0,"footnotes":""},"class_list":["post-1114","page","type-page","status-publish","hentry"],"acf":[],"yoast_head":"<!-- This site is optimized with the Yoast SEO plugin v27.5 - https:\/\/yoast.com\/product\/yoast-seo-wordpress\/ -->\n<title>Common Questions - Calvary Church | Espa\u00f1ol<\/title>\n<meta name=\"robots\" content=\"index, follow, max-snippet:-1, max-image-preview:large, max-video-preview:-1\" \/>\n<link rel=\"canonical\" href=\"https:\/\/calvarynm.church\/espanol\/about\/common-questions\/\" \/>\n<meta property=\"og:locale\" content=\"en_US\" \/>\n<meta property=\"og:type\" content=\"article\" \/>\n<meta property=\"og:title\" content=\"Common Questions - Calvary Church | Espa\u00f1ol\" \/>\n<meta property=\"og:description\" content=\"PREGUNTAS COMUNES\u00bfQU\u00c9 CREES ACERCA DE CALVARY CHURCH?Nos alegra que hayas preguntado. Creemos que hay un solo Dios vivo y verdadero, que existe eternamente en tres personas: el Padre, el Hijo, y el Esp\u00edritu Santo, iguales en poder y gloria. En esta Trinidad Dios creo todo, sostiene todo y gobierna todo seg\u00fan su voluntad. Descubre lo [&hellip;]\" \/>\n<meta property=\"og:url\" content=\"https:\/\/calvarynm.church\/espanol\/about\/common-questions\/\" \/>\n<meta property=\"og:site_name\" content=\"Calvary Church | Espa\u00f1ol\" \/>\n<meta property=\"article:modified_time\" content=\"2024-04-11T19:40:24+00:00\" \/>\n<meta name=\"twitter:card\" content=\"summary_large_image\" \/>\n<meta name=\"twitter:label1\" content=\"Est. reading time\" \/>\n\t<meta name=\"twitter:data1\" content=\"2 minutes\" \/>\n<script type=\"application\/ld+json\" class=\"yoast-schema-graph\">{\"@context\":\"https:\\\/\\\/schema.org\",\"@graph\":[{\"@type\":\"WebPage\",\"@id\":\"https:\\\/\\\/calvarynm.church\\\/espanol\\\/about\\\/common-questions\\\/\",\"url\":\"https:\\\/\\\/calvarynm.church\\\/espanol\\\/about\\\/common-questions\\\/\",\"name\":\"Common Questions - Calvary Church | Espa\u00f1ol\",\"isPartOf\":{\"@id\":\"https:\\\/\\\/calvarynm.church\\\/espanol\\\/#website\"},\"datePublished\":\"2019-11-14T20:39:21+00:00\",\"dateModified\":\"2024-04-11T19:40:24+00:00\",\"breadcrumb\":{\"@id\":\"https:\\\/\\\/calvarynm.church\\\/espanol\\\/about\\\/common-questions\\\/#breadcrumb\"},\"inLanguage\":\"en-US\",\"potentialAction\":[{\"@type\":\"ReadAction\",\"target\":[\"https:\\\/\\\/calvarynm.church\\\/espanol\\\/about\\\/common-questions\\\/\"]}]},{\"@type\":\"BreadcrumbList\",\"@id\":\"https:\\\/\\\/calvarynm.church\\\/espanol\\\/about\\\/common-questions\\\/#breadcrumb\",\"itemListElement\":[{\"@type\":\"ListItem\",\"position\":1,\"name\":\"Home\",\"item\":\"https:\\\/\\\/calvarynm.church\\\/espanol\\\/\"},{\"@type\":\"ListItem\",\"position\":2,\"name\":\"About\",\"item\":\"https:\\\/\\\/calvarynm.church\\\/espanol\\\/about\\\/\"},{\"@type\":\"ListItem\",\"position\":3,\"name\":\"Common Questions\"}]},{\"@type\":\"WebSite\",\"@id\":\"https:\\\/\\\/calvarynm.church\\\/espanol\\\/#website\",\"url\":\"https:\\\/\\\/calvarynm.church\\\/espanol\\\/\",\"name\":\"Calvary Church | Espa\u00f1ol\",\"description\":\"\",\"publisher\":{\"@id\":\"https:\\\/\\\/calvarynm.church\\\/espanol\\\/#organization\"},\"potentialAction\":[{\"@type\":\"SearchAction\",\"target\":{\"@type\":\"EntryPoint\",\"urlTemplate\":\"https:\\\/\\\/calvarynm.church\\\/espanol\\\/?s={search_term_string}\"},\"query-input\":{\"@type\":\"PropertyValueSpecification\",\"valueRequired\":true,\"valueName\":\"search_term_string\"}}],\"inLanguage\":\"en-US\"},{\"@type\":\"Organization\",\"@id\":\"https:\\\/\\\/calvarynm.church\\\/espanol\\\/#organization\",\"name\":\"Calvary Church | Espa\u00f1ol\",\"url\":\"https:\\\/\\\/calvarynm.church\\\/espanol\\\/\",\"logo\":{\"@type\":\"ImageObject\",\"inLanguage\":\"en-US\",\"@id\":\"https:\\\/\\\/calvarynm.church\\\/espanol\\\/#\\\/schema\\\/logo\\\/image\\\/\",\"url\":\"https:\\\/\\\/calvarynm.church\\\/espanol\\\/wp-content\\\/uploads\\\/sites\\\/5\\\/2018\\\/11\\\/logo-header.png\",\"contentUrl\":\"https:\\\/\\\/calvarynm.church\\\/espanol\\\/wp-content\\\/uploads\\\/sites\\\/5\\\/2018\\\/11\\\/logo-header.png\",\"width\":399,\"height\":126,\"caption\":\"Calvary Church | Espa\u00f1ol\"},\"image\":{\"@id\":\"https:\\\/\\\/calvarynm.church\\\/espanol\\\/#\\\/schema\\\/logo\\\/image\\\/\"}}]}<\/script>\n<!-- \/ Yoast SEO plugin. -->","yoast_head_json":{"title":"Common Questions - Calvary Church | Espa\u00f1ol","robots":{"index":"index","follow":"follow","max-snippet":"max-snippet:-1","max-image-preview":"max-image-preview:large","max-video-preview":"max-video-preview:-1"},"canonical":"https:\/\/calvarynm.church\/espanol\/about\/common-questions\/","og_locale":"en_US","og_type":"article","og_title":"Common Questions - Calvary Church | Espa\u00f1ol","og_description":"PREGUNTAS COMUNES\u00bfQU\u00c9 CREES ACERCA DE CALVARY CHURCH?Nos alegra que hayas preguntado. Creemos que hay un solo Dios vivo y verdadero, que existe eternamente en tres personas: el Padre, el Hijo, y el Esp\u00edritu Santo, iguales en poder y gloria. En esta Trinidad Dios creo todo, sostiene todo y gobierna todo seg\u00fan su voluntad. Descubre lo [&hellip;]","og_url":"https:\/\/calvarynm.church\/espanol\/about\/common-questions\/","og_site_name":"Calvary Church | Espa\u00f1ol","article_modified_time":"2024-04-11T19:40:24+00:00","twitter_card":"summary_large_image","twitter_misc":{"Est. reading time":"2 minutes"},"schema":{"@context":"https:\/\/schema.org","@graph":[{"@type":"WebPage","@id":"https:\/\/calvarynm.church\/espanol\/about\/common-questions\/","url":"https:\/\/calvarynm.church\/espanol\/about\/common-questions\/","name":"Common Questions - Calvary Church | Espa\u00f1ol","isPartOf":{"@id":"https:\/\/calvarynm.church\/espanol\/#website"},"datePublished":"2019-11-14T20:39:21+00:00","dateModified":"2024-04-11T19:40:24+00:00","breadcrumb":{"@id":"https:\/\/calvarynm.church\/espanol\/about\/common-questions\/#breadcrumb"},"inLanguage":"en-US","potentialAction":[{"@type":"ReadAction","target":["https:\/\/calvarynm.church\/espanol\/about\/common-questions\/"]}]},{"@type":"BreadcrumbList","@id":"https:\/\/calvarynm.church\/espanol\/about\/common-questions\/#breadcrumb","itemListElement":[{"@type":"ListItem","position":1,"name":"Home","item":"https:\/\/calvarynm.church\/espanol\/"},{"@type":"ListItem","position":2,"name":"About","item":"https:\/\/calvarynm.church\/espanol\/about\/"},{"@type":"ListItem","position":3,"name":"Common Questions"}]},{"@type":"WebSite","@id":"https:\/\/calvarynm.church\/espanol\/#website","url":"https:\/\/calvarynm.church\/espanol\/","name":"Calvary Church | Espa\u00f1ol","description":"","publisher":{"@id":"https:\/\/calvarynm.church\/espanol\/#organization"},"potentialAction":[{"@type":"SearchAction","target":{"@type":"EntryPoint","urlTemplate":"https:\/\/calvarynm.church\/espanol\/?s={search_term_string}"},"query-input":{"@type":"PropertyValueSpecification","valueRequired":true,"valueName":"search_term_string"}}],"inLanguage":"en-US"},{"@type":"Organization","@id":"https:\/\/calvarynm.church\/espanol\/#organization","name":"Calvary Church | Espa\u00f1ol","url":"https:\/\/calvarynm.church\/espanol\/","logo":{"@type":"ImageObject","inLanguage":"en-US","@id":"https:\/\/calvarynm.church\/espanol\/#\/schema\/logo\/image\/","url":"https:\/\/calvarynm.church\/espanol\/wp-content\/uploads\/sites\/5\/2018\/11\/logo-header.png","contentUrl":"https:\/\/calvarynm.church\/espanol\/wp-content\/uploads\/sites\/5\/2018\/11\/logo-header.png","width":399,"height":126,"caption":"Calvary Church | Espa\u00f1ol"},"image":{"@id":"https:\/\/calvarynm.church\/espanol\/#\/schema\/logo\/image\/"}}]}},"_links":{"self":[{"href":"https:\/\/calvarynm.church\/espanol\/wp-json\/wp\/v2\/pages\/1114","targetHints":{"allow":["GET"]}}],"collection":[{"href":"https:\/\/calvarynm.church\/espanol\/wp-json\/wp\/v2\/pages"}],"about":[{"href":"https:\/\/calvarynm.church\/espanol\/wp-json\/wp\/v2\/types\/page"}],"author":[{"embeddable":true,"href":"https:\/\/calvarynm.church\/espanol\/wp-json\/wp\/v2\/users\/3"}],"replies":[{"embeddable":true,"href":"https:\/\/calvarynm.church\/espanol\/wp-json\/wp\/v2\/comments?post=1114"}],"version-history":[{"count":0,"href":"https:\/\/calvarynm.church\/espanol\/wp-json\/wp\/v2\/pages\/1114\/revisions"}],"up":[{"embeddable":true,"href":"https:\/\/calvarynm.church\/espanol\/wp-json\/wp\/v2\/pages\/138"}],"wp:attachment":[{"href":"https:\/\/calvarynm.church\/espanol\/wp-json\/wp\/v2\/media?parent=1114"}],"curies":[{"name":"wp","href":"https:\/\/api.w.org\/{rel}","templated":true}]}}