{"id":1885,"date":"2024-01-25T15:39:13","date_gmt":"2024-01-25T22:39:13","guid":{"rendered":"https:\/\/calvarynm.church\/espanol\/?page_id=1885"},"modified":"2024-01-26T15:25:25","modified_gmt":"2024-01-26T22:25:25","slug":"spanish-night-of-worship","status":"publish","type":"page","link":"https:\/\/calvarynm.church\/espanol\/spanish-night-of-worship\/","title":{"rendered":"Spanish Night of Worship"},"content":{"rendered":"<div class=\"vce-row-container\"><div class=\"vce-row vce-element--has-background vce-row--col-gap-30 vce-row-content--top\" data-vce-full-width=\"true\" id=\"el-e39181d0\" data-vce-do-apply=\"all el-e39181d0\"><div class=\"vce-content-background-container\"><div class=\"vce-asset-background-simple-container vce-visible-all-only vce-asset-background-simple--style-cover vce-asset-background-simple--position-center-top\"><div class=\"vce-asset-background-simple\">\n              <div class=\"vce-asset-background-simple-item vcv-lozad\" data-background-image=\"https:\/\/calvarynm.church\/espanol\/wp-content\/uploads\/sites\/5\/2020\/05\/DSC_0249.jpg\"><\/div>\n              <noscript>\n                <div class=\"vce-asset-background-simple-item\" style=\"background-image: url(https:\/\/calvarynm.church\/espanol\/wp-content\/uploads\/sites\/5\/2020\/05\/DSC_0249.jpg)\"><\/div>\n              <\/noscript>\n            \n              <div class=\"vce-asset-background-simple-item vcv-lozad\" data-background-image=\"https:\/\/calvarynm.church\/espanol\/wp-content\/uploads\/sites\/5\/2020\/05\/music-page-hero.jpg\"><\/div>\n              <noscript>\n                <div class=\"vce-asset-background-simple-item\" style=\"background-image: url(https:\/\/calvarynm.church\/espanol\/wp-content\/uploads\/sites\/5\/2020\/05\/music-page-hero.jpg)\"><\/div>\n              <\/noscript>\n            \n              <div class=\"vce-asset-background-simple-item vcv-lozad\" data-background-image=\"https:\/\/calvarynm.church\/espanol\/wp-content\/uploads\/sites\/5\/2020\/05\/Jobs-ViewJobOpenings.jpg\"><\/div>\n              <noscript>\n                <div class=\"vce-asset-background-simple-item\" style=\"background-image: url(https:\/\/calvarynm.church\/espanol\/wp-content\/uploads\/sites\/5\/2020\/05\/Jobs-ViewJobOpenings.jpg)\"><\/div>\n              <\/noscript>\n            <\/div><\/div><\/div><div class=\"vce-row-content\" data-vce-element-content=\"true\"><div class=\"vce-col vce-col--md-auto vce-col--xs-1 vce-col--xs-last vce-col--xs-first vce-col--sm-last vce-col--sm-first vce-col--md-last vce-col--lg-last vce-col--xl-last vce-col--md-first vce-col--lg-first vce-col--xl-first\" id=\"el-2c7916c9\"><div class=\"vce-col-inner\" data-vce-do-apply=\"border margin background  el-2c7916c9\"><div class=\"vce-col-content\" data-vce-element-content=\"true\" data-vce-do-apply=\"padding el-2c7916c9\"><div class=\"vce-empty-space-container\" id=\"el-520a9a32\" data-vce-do-apply=\"margin el-520a9a32\" style=\"--heightxs: 400px; --heightsm: 400px; --heightmd: 400px; --heightlg: 400px; --heightxl: 400px;\"><div class=\"vce vce-empty-space\" data-vce-do-apply=\"border padding background  el-520a9a32\"><\/div><\/div><div class=\"vce-text-block\"><div class=\"vce-text-block-wrapper vce\" id=\"el-dc07e018\" data-vce-do-apply=\"all el-dc07e018\"><h5 style=\"text-align: center;\"><span style=\"font-size: 48pt; color: #ffffff;\">NOCHE DE ALABANZA<\/span><\/h5><\/div><\/div><div class=\"vce-empty-space-container\" id=\"el-6dce6007\" data-vce-do-apply=\"margin el-6dce6007\" style=\"--heightxs: 400px; --heightsm: 400px; --heightmd: 400px; --heightlg: 400px; --heightxl: 400px;\"><div class=\"vce vce-empty-space\" data-vce-do-apply=\"border padding background  el-6dce6007\"><\/div><\/div><\/div><\/div><\/div><\/div><\/div><\/div><div class=\"vce-row-container\"><div class=\"vce-row vce-element--has-background vce-row--col-gap-30 vce-row-content--top\" data-vce-full-width=\"true\" id=\"el-306eb67b\" data-vce-do-apply=\"all el-306eb67b\"><div class=\"vce-content-background-container\"><\/div><div class=\"vce-row-content\" data-vce-element-content=\"true\"><div class=\"vce-col vce-col--md-auto vce-col--xs-1 vce-col--xs-last vce-col--xs-first vce-col--sm-last vce-col--sm-first vce-col--md-last vce-col--lg-last vce-col--xl-last vce-col--md-first vce-col--lg-first vce-col--xl-first\" id=\"el-b894bf92\"><div class=\"vce-col-inner\" data-vce-do-apply=\"border margin background  el-b894bf92\"><div class=\"vce-col-content\" data-vce-element-content=\"true\" data-vce-do-apply=\"padding el-b894bf92\"><div class=\"vce-row-container\" data-vce-boxed-width=\"true\"><div class=\"vce-row vce-row--col-gap-30 vce-row-content--top\" id=\"el-edcd4278\" data-vce-do-apply=\"all el-edcd4278\"><div class=\"vce-row-content\" data-vce-element-content=\"true\"><div class=\"vce-col vce-col--md-auto vce-col--xs-1 vce-col--xs-last vce-col--xs-first vce-col--sm-last vce-col--sm-first vce-col--md-last vce-col--lg-last vce-col--xl-last vce-col--md-first vce-col--lg-first vce-col--xl-first\" id=\"el-fca5b8e8\"><div class=\"vce-col-inner\" data-vce-do-apply=\"border margin background  el-fca5b8e8\"><div class=\"vce-col-content\" data-vce-element-content=\"true\" data-vce-do-apply=\"padding el-fca5b8e8\"><div class=\"vce-row-container\" data-vce-boxed-width=\"true\"><div class=\"vce-row vce-row--col-gap-30 vce-row-content--top\" id=\"el-b74957b0\" data-vce-do-apply=\"all el-b74957b0\"><div class=\"vce-row-content\" data-vce-element-content=\"true\"><div class=\"vce-col vce-col--md-auto vce-col--xs-1 vce-col--xs-last vce-col--xs-first vce-col--sm-last vce-col--sm-first vce-col--md-last vce-col--lg-last vce-col--xl-last vce-col--md-first vce-col--lg-first vce-col--xl-first\" id=\"el-3330ac1d\"><div class=\"vce-col-inner\" data-vce-do-apply=\"border margin background  el-3330ac1d\"><div class=\"vce-col-content\" data-vce-element-content=\"true\" data-vce-do-apply=\"padding el-3330ac1d\"><div class=\"vce-text-block\"><div class=\"vce-text-block-wrapper vce\" id=\"el-7752fe1b\" data-vce-do-apply=\"all el-7752fe1b\"><h1 style=\"text-align: center;\">CREANDO UN CAMBIO DE VIDA<\/h1><\/div><\/div><div class=\"vce-row-container\"><div class=\"vce-row vce-row--col-gap-30 vce-row-content--middle\" data-vce-full-width=\"true\" id=\"el-f45f9026\" data-vce-do-apply=\"all el-f45f9026\"><div class=\"vce-row-content\" data-vce-element-content=\"true\"><div class=\"vce-col vce-col--md-10p vce-col--xs-1 vce-col--xs-last vce-col--xs-first vce-col--sm-last vce-col--sm-first vce-col--md-first vce-col--lg-first vce-col--xl-first\" id=\"el-b6469754\"><div class=\"vce-col-inner\" data-vce-do-apply=\"border margin background  el-b6469754\"><div class=\"vce-col-content\" data-vce-element-content=\"true\" data-vce-do-apply=\"padding el-b6469754\"><div><\/div><\/div><\/div><\/div><div class=\"vce-col vce-col--md-auto vce-col--xs-1 vce-col--xs-last vce-col--xs-first vce-col--sm-last vce-col--sm-first\" id=\"el-5b3da5e3\"><div class=\"vce-col-inner\" data-vce-do-apply=\"border margin background  el-5b3da5e3\"><div class=\"vce-col-content\" data-vce-element-content=\"true\" data-vce-do-apply=\"padding el-5b3da5e3\"><div class=\"vce-yt-video-player vce-yt-video-player--align-center vce-yt-video-player--size-560x315\"><div class=\"vce vce-yt-video-player-wrapper\" id=\"el-a160c953\" data-vce-do-apply=\"all el-a160c953\" style=\"width: 560px;\"><div class=\"vce-yt-video-player-inner\"><iframe loading=\"lazy\" class=\"vce-yt-video-player-iframe\" src=\"https:\/\/www.youtube.com\/embed\/IDIY0Tr-nYM?autoplay=0&amp;mute=0&amp;color=red&amp;controls=1&amp;loop=0&amp;rel=0&amp;start=0&amp;cc_load_policy=0&amp;iv_load_policy=3&amp;enablejsapi=1\" width=\"640\" height=\"390\" allowfullscreen=\"\" title=\"YouTube video\"><\/iframe><\/div><\/div><\/div><\/div><\/div><\/div><div class=\"vce-col vce-col--md-10p vce-col--xs-1 vce-col--xs-last vce-col--xs-first vce-col--sm-last vce-col--sm-first vce-col--md-last vce-col--lg-last vce-col--xl-last\" id=\"el-5e05d787\"><div class=\"vce-col-inner\" data-vce-do-apply=\"border margin background  el-5e05d787\"><div class=\"vce-col-content\" data-vce-element-content=\"true\" data-vce-do-apply=\"padding el-5e05d787\"><div><\/div><\/div><\/div><\/div><\/div><\/div><\/div><div class=\"vce-text-block\"><div class=\"vce-text-block-wrapper vce\" id=\"el-ec22f498\" data-vce-do-apply=\"all el-ec22f498\"><h2>Viernes, 2 de febrero 6:30 pm<\/h2>\n<p>Ven a una noche de alabanza en espa\u00f1ol en Calvary Church Albuquerque, viernes, 2 de febrero, a las 6:30 pm. Pastor Antonio estar\u00e1 compartiendo el evangelio y un programa de ni\u00f1os estar\u00e1 disponible para los beb\u00e9s a kinder.<\/p><\/div><\/div><div class=\"vce-text-block\"><div class=\"vce-text-block-wrapper vce\" id=\"el-40ba71e0\" data-vce-do-apply=\"all el-40ba71e0\"><p><strong>Calvary Church Albuquerque<\/strong><\/p>\n<p>4001 Osuna Rd. NE<br>Albuquerque, NM 87109<\/p><\/div><\/div><div class=\"vce-empty-space-container\" id=\"el-32decf6e\" data-vce-do-apply=\"margin el-32decf6e\" style=\"--heightxs: 20px; --heightsm: 20px; --heightmd: 20px; --heightlg: 20px; --heightxl: 20px;\"><div class=\"vce vce-empty-space\" data-vce-do-apply=\"border padding background  el-32decf6e\"><\/div><\/div><\/div><\/div><\/div><\/div><\/div><\/div><\/div><\/div><\/div><\/div><\/div><\/div><\/div><\/div><\/div><\/div><\/div><\/div><div class=\"vce-row-container\"><div class=\"vce-row vce-element--has-background vce-row--col-gap-30 vce-row-no-paddings vce-row-content--top\" data-vce-full-width=\"true\" data-vce-stretch-content=\"true\" id=\"el-474b6443\" data-vce-do-apply=\"all el-474b6443\"><div class=\"vce-content-background-container\"><div class=\"vce-asset-background-simple-container vce-visible-all-only vce-asset-background-simple--style-cover vce-asset-background-simple--position-center-center\"><div class=\"vce-asset-background-simple\"><div class=\"vce-asset-background-simple-item\" style=\"background-image: url('https:\/\/calvarynm.church\/nob-hill\/wp-content\/uploads\/sites\/3\/visualcomposer-assets\/templates\/5ec812869f97f7.64426736\/assets\/elements\/thisweeksschedule-page-mid.jpg');\"><\/div><\/div><\/div><\/div><div class=\"vce-row-content\" data-vce-element-content=\"true\"><div class=\"vce-col vce-col--md-auto vce-col--xs-1 vce-col--xs-last vce-col--xs-first vce-col--sm-last vce-col--sm-first vce-col--md-last vce-col--lg-last vce-col--xl-last vce-col--md-first vce-col--lg-first vce-col--xl-first\" id=\"el-ea78591c\"><div class=\"vce-col-inner\" data-vce-do-apply=\"border margin background  el-ea78591c\"><div class=\"vce-col-content\" data-vce-element-content=\"true\" data-vce-do-apply=\"padding el-ea78591c\"><section class=\"vce-hero-section-container vce-hero-section-media--xs vce-hero-section-media--sm vce-hero-section-media--md vce-hero-section-media--lg vce-hero-section-media--xl\"><div class=\"vce vce-hero-section\" id=\"el-6ab6ad55\" data-vce-do-apply=\"margin background border  el-6ab6ad55\"><div class=\"vce-hero-section--wrap-row\"><div class=\"vce-hero-section--wrap\"><div class=\"vce-hero-section--content\" data-vce-do-apply=\"padding el-6ab6ad55\"><div class=\"vce-hero-section--content-container\"><\/div><div><\/div><\/div><\/div><\/div><\/div><\/section><\/div><\/div><\/div><\/div><\/div><\/div><div class=\"vce-row-container\" data-vce-boxed-width=\"true\"><div class=\"vce-row vce-row--col-gap-30 vce-row-equal-height vce-row-content--top\" id=\"el-2c719b6a\" data-vce-do-apply=\"all el-2c719b6a\"><div class=\"vce-row-content\" data-vce-element-content=\"true\"><div class=\"vce-col vce-col--md-auto vce-col--xs-1 vce-col--xs-last vce-col--xs-first vce-col--sm-last vce-col--sm-first vce-col--md-last vce-col--lg-last vce-col--xl-last vce-col--md-first vce-col--lg-first vce-col--xl-first\" id=\"el-a06a490e\"><div class=\"vce-col-inner\" data-vce-do-apply=\"border margin background  el-a06a490e\"><div class=\"vce-col-content\" data-vce-element-content=\"true\" data-vce-do-apply=\"padding el-a06a490e\"><div><\/div><\/div><\/div><\/div><\/div><\/div><\/div>","protected":false},"excerpt":{"rendered":"<p>NOCHE DE ALABANZACREANDO UN CAMBIO DE VIDAViernes, 2 de febrero 6:30 pm Ven a una noche de alabanza en espa\u00f1ol en Calvary Church Albuquerque, viernes, 2 de febrero, a las 6:30 pm. Pastor Antonio estar\u00e1 compartiendo el evangelio y un programa de ni\u00f1os estar\u00e1 disponible para los beb\u00e9s a kinder.Calvary Church Albuquerque 4001 Osuna Rd. [&hellip;]<\/p>\n","protected":false},"author":8,"featured_media":0,"parent":0,"menu_order":0,"comment_status":"closed","ping_status":"closed","template":"","meta":{"_acf_changed":false,"_monsterinsights_skip_tracking":false,"_monsterinsights_sitenote_active":false,"_monsterinsights_sitenote_note":"","_monsterinsights_sitenote_category":0,"footnotes":""},"class_list":["post-1885","page","type-page","status-publish","hentry"],"acf":[],"yoast_head":"<!-- This site is optimized with the Yoast SEO plugin v27.5 - https:\/\/yoast.com\/product\/yoast-seo-wordpress\/ -->\n<title>Spanish Night of Worship - Calvary Church | Espa\u00f1ol<\/title>\n<meta name=\"robots\" content=\"index, follow, max-snippet:-1, max-image-preview:large, max-video-preview:-1\" \/>\n<link rel=\"canonical\" href=\"https:\/\/calvarynm.church\/espanol\/spanish-night-of-worship\/\" \/>\n<meta property=\"og:locale\" content=\"en_US\" \/>\n<meta property=\"og:type\" content=\"article\" \/>\n<meta property=\"og:title\" content=\"Spanish Night of Worship - Calvary Church | Espa\u00f1ol\" \/>\n<meta property=\"og:description\" content=\"NOCHE DE ALABANZACREANDO UN CAMBIO DE VIDAViernes, 2 de febrero 6:30 pm Ven a una noche de alabanza en espa\u00f1ol en Calvary Church Albuquerque, viernes, 2 de febrero, a las 6:30 pm. Pastor Antonio estar\u00e1 compartiendo el evangelio y un programa de ni\u00f1os estar\u00e1 disponible para los beb\u00e9s a kinder.Calvary Church Albuquerque 4001 Osuna Rd. [&hellip;]\" \/>\n<meta property=\"og:url\" content=\"https:\/\/calvarynm.church\/espanol\/spanish-night-of-worship\/\" \/>\n<meta property=\"og:site_name\" content=\"Calvary Church | Espa\u00f1ol\" \/>\n<meta property=\"article:modified_time\" content=\"2024-01-26T22:25:25+00:00\" \/>\n<meta name=\"twitter:card\" content=\"summary_large_image\" \/>\n<script type=\"application\/ld+json\" class=\"yoast-schema-graph\">{\"@context\":\"https:\\\/\\\/schema.org\",\"@graph\":[{\"@type\":\"WebPage\",\"@id\":\"https:\\\/\\\/calvarynm.church\\\/espanol\\\/spanish-night-of-worship\\\/\",\"url\":\"https:\\\/\\\/calvarynm.church\\\/espanol\\\/spanish-night-of-worship\\\/\",\"name\":\"Spanish Night of Worship - Calvary Church | Espa\u00f1ol\",\"isPartOf\":{\"@id\":\"https:\\\/\\\/calvarynm.church\\\/espanol\\\/#website\"},\"datePublished\":\"2024-01-25T22:39:13+00:00\",\"dateModified\":\"2024-01-26T22:25:25+00:00\",\"breadcrumb\":{\"@id\":\"https:\\\/\\\/calvarynm.church\\\/espanol\\\/spanish-night-of-worship\\\/#breadcrumb\"},\"inLanguage\":\"en-US\",\"potentialAction\":[{\"@type\":\"ReadAction\",\"target\":[\"https:\\\/\\\/calvarynm.church\\\/espanol\\\/spanish-night-of-worship\\\/\"]}]},{\"@type\":\"BreadcrumbList\",\"@id\":\"https:\\\/\\\/calvarynm.church\\\/espanol\\\/spanish-night-of-worship\\\/#breadcrumb\",\"itemListElement\":[{\"@type\":\"ListItem\",\"position\":1,\"name\":\"Home\",\"item\":\"https:\\\/\\\/calvarynm.church\\\/espanol\\\/\"},{\"@type\":\"ListItem\",\"position\":2,\"name\":\"Spanish Night of Worship\"}]},{\"@type\":\"WebSite\",\"@id\":\"https:\\\/\\\/calvarynm.church\\\/espanol\\\/#website\",\"url\":\"https:\\\/\\\/calvarynm.church\\\/espanol\\\/\",\"name\":\"Calvary Church | Espa\u00f1ol\",\"description\":\"\",\"publisher\":{\"@id\":\"https:\\\/\\\/calvarynm.church\\\/espanol\\\/#organization\"},\"potentialAction\":[{\"@type\":\"SearchAction\",\"target\":{\"@type\":\"EntryPoint\",\"urlTemplate\":\"https:\\\/\\\/calvarynm.church\\\/espanol\\\/?s={search_term_string}\"},\"query-input\":{\"@type\":\"PropertyValueSpecification\",\"valueRequired\":true,\"valueName\":\"search_term_string\"}}],\"inLanguage\":\"en-US\"},{\"@type\":\"Organization\",\"@id\":\"https:\\\/\\\/calvarynm.church\\\/espanol\\\/#organization\",\"name\":\"Calvary Church | Espa\u00f1ol\",\"url\":\"https:\\\/\\\/calvarynm.church\\\/espanol\\\/\",\"logo\":{\"@type\":\"ImageObject\",\"inLanguage\":\"en-US\",\"@id\":\"https:\\\/\\\/calvarynm.church\\\/espanol\\\/#\\\/schema\\\/logo\\\/image\\\/\",\"url\":\"https:\\\/\\\/calvarynm.church\\\/espanol\\\/wp-content\\\/uploads\\\/sites\\\/5\\\/2018\\\/11\\\/logo-header.png\",\"contentUrl\":\"https:\\\/\\\/calvarynm.church\\\/espanol\\\/wp-content\\\/uploads\\\/sites\\\/5\\\/2018\\\/11\\\/logo-header.png\",\"width\":399,\"height\":126,\"caption\":\"Calvary Church | Espa\u00f1ol\"},\"image\":{\"@id\":\"https:\\\/\\\/calvarynm.church\\\/espanol\\\/#\\\/schema\\\/logo\\\/image\\\/\"}}]}<\/script>\n<!-- \/ Yoast SEO plugin. -->","yoast_head_json":{"title":"Spanish Night of Worship - Calvary Church | Espa\u00f1ol","robots":{"index":"index","follow":"follow","max-snippet":"max-snippet:-1","max-image-preview":"max-image-preview:large","max-video-preview":"max-video-preview:-1"},"canonical":"https:\/\/calvarynm.church\/espanol\/spanish-night-of-worship\/","og_locale":"en_US","og_type":"article","og_title":"Spanish Night of Worship - Calvary Church | Espa\u00f1ol","og_description":"NOCHE DE ALABANZACREANDO UN CAMBIO DE VIDAViernes, 2 de febrero 6:30 pm Ven a una noche de alabanza en espa\u00f1ol en Calvary Church Albuquerque, viernes, 2 de febrero, a las 6:30 pm. Pastor Antonio estar\u00e1 compartiendo el evangelio y un programa de ni\u00f1os estar\u00e1 disponible para los beb\u00e9s a kinder.Calvary Church Albuquerque 4001 Osuna Rd. [&hellip;]","og_url":"https:\/\/calvarynm.church\/espanol\/spanish-night-of-worship\/","og_site_name":"Calvary Church | Espa\u00f1ol","article_modified_time":"2024-01-26T22:25:25+00:00","twitter_card":"summary_large_image","schema":{"@context":"https:\/\/schema.org","@graph":[{"@type":"WebPage","@id":"https:\/\/calvarynm.church\/espanol\/spanish-night-of-worship\/","url":"https:\/\/calvarynm.church\/espanol\/spanish-night-of-worship\/","name":"Spanish Night of Worship - Calvary Church | Espa\u00f1ol","isPartOf":{"@id":"https:\/\/calvarynm.church\/espanol\/#website"},"datePublished":"2024-01-25T22:39:13+00:00","dateModified":"2024-01-26T22:25:25+00:00","breadcrumb":{"@id":"https:\/\/calvarynm.church\/espanol\/spanish-night-of-worship\/#breadcrumb"},"inLanguage":"en-US","potentialAction":[{"@type":"ReadAction","target":["https:\/\/calvarynm.church\/espanol\/spanish-night-of-worship\/"]}]},{"@type":"BreadcrumbList","@id":"https:\/\/calvarynm.church\/espanol\/spanish-night-of-worship\/#breadcrumb","itemListElement":[{"@type":"ListItem","position":1,"name":"Home","item":"https:\/\/calvarynm.church\/espanol\/"},{"@type":"ListItem","position":2,"name":"Spanish Night of Worship"}]},{"@type":"WebSite","@id":"https:\/\/calvarynm.church\/espanol\/#website","url":"https:\/\/calvarynm.church\/espanol\/","name":"Calvary Church | Espa\u00f1ol","description":"","publisher":{"@id":"https:\/\/calvarynm.church\/espanol\/#organization"},"potentialAction":[{"@type":"SearchAction","target":{"@type":"EntryPoint","urlTemplate":"https:\/\/calvarynm.church\/espanol\/?s={search_term_string}"},"query-input":{"@type":"PropertyValueSpecification","valueRequired":true,"valueName":"search_term_string"}}],"inLanguage":"en-US"},{"@type":"Organization","@id":"https:\/\/calvarynm.church\/espanol\/#organization","name":"Calvary Church | Espa\u00f1ol","url":"https:\/\/calvarynm.church\/espanol\/","logo":{"@type":"ImageObject","inLanguage":"en-US","@id":"https:\/\/calvarynm.church\/espanol\/#\/schema\/logo\/image\/","url":"https:\/\/calvarynm.church\/espanol\/wp-content\/uploads\/sites\/5\/2018\/11\/logo-header.png","contentUrl":"https:\/\/calvarynm.church\/espanol\/wp-content\/uploads\/sites\/5\/2018\/11\/logo-header.png","width":399,"height":126,"caption":"Calvary Church | Espa\u00f1ol"},"image":{"@id":"https:\/\/calvarynm.church\/espanol\/#\/schema\/logo\/image\/"}}]}},"_links":{"self":[{"href":"https:\/\/calvarynm.church\/espanol\/wp-json\/wp\/v2\/pages\/1885","targetHints":{"allow":["GET"]}}],"collection":[{"href":"https:\/\/calvarynm.church\/espanol\/wp-json\/wp\/v2\/pages"}],"about":[{"href":"https:\/\/calvarynm.church\/espanol\/wp-json\/wp\/v2\/types\/page"}],"author":[{"embeddable":true,"href":"https:\/\/calvarynm.church\/espanol\/wp-json\/wp\/v2\/users\/8"}],"replies":[{"embeddable":true,"href":"https:\/\/calvarynm.church\/espanol\/wp-json\/wp\/v2\/comments?post=1885"}],"version-history":[{"count":0,"href":"https:\/\/calvarynm.church\/espanol\/wp-json\/wp\/v2\/pages\/1885\/revisions"}],"wp:attachment":[{"href":"https:\/\/calvarynm.church\/espanol\/wp-json\/wp\/v2\/media?parent=1885"}],"curies":[{"name":"wp","href":"https:\/\/api.w.org\/{rel}","templated":true}]}}