{"id":259,"date":"2018-11-19T14:43:56","date_gmt":"2018-11-19T21:43:56","guid":{"rendered":"http:\/\/calvarynm.church\/nob-hill\/?page_id=259"},"modified":"2024-08-06T14:28:28","modified_gmt":"2024-08-06T20:28:28","slug":"conectar","status":"publish","type":"page","link":"https:\/\/calvarynm.church\/espanol\/conectar\/","title":{"rendered":"Connect Groups"},"content":{"rendered":"<div class=\"vce-row-container\"><div class=\"vce-row vce-element--xl--has-background vce-element--lg--has-background vce-row--col-gap-30 vce-row-content--top\" data-vce-full-width=\"true\" id=\"el-8ec67879\" data-vce-do-apply=\"all el-8ec67879\"><div class=\"vce-content-background-container\"><div class=\"vce-asset-background-simple-container vce-visible-xl-only vce-asset-background-simple--style-cover vce-asset-background-simple--position-center-top\"><div class=\"vce-asset-background-simple\">\n              <div class=\"vce-asset-background-simple-item vcv-lozad\" data-background-image=\"https:\/\/calvarynm.church\/espanol\/wp-content\/uploads\/sites\/5\/2021\/12\/CG-ESPANOL-Video-TVSlide-1920x1080-V2-notext-1.jpg\"><\/div>\n              <noscript>\n                <div class=\"vce-asset-background-simple-item\" style=\"background-image: url(https:\/\/calvarynm.church\/espanol\/wp-content\/uploads\/sites\/5\/2021\/12\/CG-ESPANOL-Video-TVSlide-1920x1080-V2-notext-1.jpg)\"><\/div>\n              <\/noscript>\n            <\/div><\/div><div class=\"vce-asset-background-simple-container vce-visible-lg-only vce-asset-background-simple--style-cover vce-asset-background-simple--position-center-top\"><div class=\"vce-asset-background-simple\">\n              <div class=\"vce-asset-background-simple-item vcv-lozad\" data-background-image=\"https:\/\/calvarynm.church\/athome\/wp-content\/uploads\/sites\/3\/2020\/09\/CG-AtHome-Video-TVSlide-1920x1080-V2-notext.jpg\"><\/div>\n              <noscript>\n                <div class=\"vce-asset-background-simple-item\" style=\"background-image: url(https:\/\/calvarynm.church\/athome\/wp-content\/uploads\/sites\/3\/2020\/09\/CG-AtHome-Video-TVSlide-1920x1080-V2-notext.jpg)\"><\/div>\n              <\/noscript>\n            <\/div><\/div><\/div><div class=\"vce-row-content\" data-vce-element-content=\"true\"><div class=\"vce-col vce-col--md-auto vce-col--xs-1 vce-col--xs-last vce-col--xs-first vce-col--sm-last vce-col--sm-first vce-col--md-last vce-col--lg-last vce-col--xl-last vce-col--md-first vce-col--lg-first vce-col--xl-first\" id=\"el-b35bc796\"><div class=\"vce-col-inner\" data-vce-do-apply=\"border margin background  el-b35bc796\"><div class=\"vce-col-content\" data-vce-element-content=\"true\" data-vce-do-apply=\"padding el-b35bc796\"><div class=\"vcv-row-control-wrapper\"><\/div><\/div><\/div><\/div><\/div><\/div><\/div><div class=\"vce-row-container\" data-vce-boxed-width=\"true\"><div class=\"vce-row vce-row--col-gap-30 vce-row-content--top\" id=\"el-d2f1eda9\" data-vce-do-apply=\"all el-d2f1eda9\"><div class=\"vce-row-content\" data-vce-element-content=\"true\"><div class=\"vce-col vce-col--md-auto vce-col--xs-1 vce-col--xs-last vce-col--xs-first vce-col--sm-last vce-col--sm-first vce-col--md-last vce-col--lg-last vce-col--xl-last vce-col--md-first vce-col--lg-first vce-col--xl-first\" id=\"el-1ff34dc5\"><div class=\"vce-col-inner\" data-vce-do-apply=\"border margin background  el-1ff34dc5\"><div class=\"vce-col-content\" data-vce-element-content=\"true\" data-vce-do-apply=\"padding el-1ff34dc5\"><div class=\"vce-single-image-container vce-single-image--align-left\"><div class=\"vce vce-single-image-wrapper\" id=\"el-c7053e08\" data-vce-do-apply=\"all el-c7053e08\"><figure><div class=\"vce-single-image-figure-inner\" style=\"width: 1024px;\"><div class=\"vce-single-image-inner vce-single-image--absolute\" style=\"width: 100%; padding-bottom: 56.25%;\"><img loading=\"lazy\" decoding=\"async\" class=\"vce-single-image\"  width=\"1024\" height=\"576\" src=\"https:\/\/calvarynm.church\/athome\/wp-content\/uploads\/sites\/3\/2020\/09\/CG-AtHome-Video-TVSlide-1280x720-V2-notext.jpg\" data-img-src=\"https:\/\/calvarynm.church\/athome\/wp-content\/uploads\/sites\/3\/2020\/09\/CG-AtHome-Video-TVSlide-1280x720-V2-notext.jpg\" data-attachment-id=\"1564\"  alt=\"\" title=\"CG-AtHome-Video-TVSlide-1280x720-V2-notext\" \/><\/div><\/div><figcaption hidden=\"\"><\/figcaption><\/figure><\/div><\/div><\/div><\/div><\/div><\/div><\/div><\/div><div class=\"vce-row-container\" data-vce-boxed-width=\"true\"><div class=\"vce-row vce-row--col-gap-30 vce-row-content--top\" id=\"el-32d65757\" data-vce-do-apply=\"all el-32d65757\"><div class=\"vce-row-content\" data-vce-element-content=\"true\"><div class=\"vce-col vce-col--md-100p vce-col--xs-1 vce-col--xs-last vce-col--xs-first vce-col--sm-last vce-col--sm-first vce-col--md-last vce-col--lg-last vce-col--xl-last vce-col--md-first vce-col--lg-first vce-col--xl-first\" id=\"el-c266350f\"><div class=\"vce-col-inner\" data-vce-do-apply=\"border margin background  el-c266350f\"><div class=\"vce-col-content\" data-vce-element-content=\"true\" data-vce-do-apply=\"padding el-c266350f\"><div class=\"vce-google-fonts-heading vce-google-fonts-heading--align-center vce-google-fonts-heading--color-empty--45--5C00FF--FF7200 vce-google-fonts-heading--font-family-Oswald\"><div id=\"el-6fcfb5e3\" class=\"vce-google-fonts-heading-wrapper\"><div class=\"vce-google-fonts-heading--background vce\" data-vce-do-apply=\"border background  padding margin el-6fcfb5e3\"><h1 class=\"vce-google-fonts-heading-inner\" style=\"letter-spacing: 0.3rem; font-weight: 400; font-style: normal;\">\u00bfQU\u00c9 SON LOS GRUPOS DE CONEXI\u00d3N?<\/h1><\/div><\/div><\/div><div class=\"vce-text-block\"><div class=\"vce-text-block-wrapper vce\" id=\"el-a91be7f9\" data-vce-do-apply=\"all el-a91be7f9\"><p style=\"text-align: center;\">Los Grupos de Conexi\u00f3n (Connect Groups) son peque\u00f1os grupos comunitarios en l\u00ednea. Son un lugar para crecer en tu relaci\u00f3n con Jes\u00fas y con las personas. As\u00ed es como nos cuidamos unos a otros, donde multiplicamos las alegr\u00edas y dividimos las tristezas, donde otros pueden animar en tus fortalezas y protegerte en tus debilidades. Un grupo de conexi\u00f3n es un lugar para aprender c\u00f3mo aplicar la Palabra de Dios y servir, un lugar para vivir la vida juntos.<\/p><\/div><\/div><div class=\"vce-google-fonts-heading vce-google-fonts-heading--align-center vce-google-fonts-heading--color-empty--45--5C00FF--FF7200 vce-google-fonts-heading--font-family-Oswald\"><div id=\"el-c6798b2f\" class=\"vce-google-fonts-heading-wrapper\"><div class=\"vce-google-fonts-heading--background vce\" data-vce-do-apply=\"border background  padding margin el-c6798b2f\"><h1 class=\"vce-google-fonts-heading-inner\" style=\"letter-spacing: 0.3rem; font-weight: 400; font-style: normal;\">ENCUENTRA UN GRUPO<\/h1><\/div><\/div><\/div><div class=\"vce-row-container\" data-vce-boxed-width=\"true\"><div class=\"vce-row vce-row--col-gap-30 vce-row-equal-height vce-row-content--top\" id=\"el-01314ebf\" data-vce-do-apply=\"all el-01314ebf\"><div class=\"vce-row-content\" data-vce-element-content=\"true\"><div class=\"vce-col vce-col--md-auto vce-col--xs-1 vce-col--xs-last vce-col--xs-first vce-col--sm-last vce-col--sm-first vce-col--md-last vce-col--lg-last vce-col--xl-last vce-col--md-first vce-col--lg-first vce-col--xl-first\" id=\"el-38263276\"><div class=\"vce-col-inner\" data-vce-do-apply=\"border margin background  el-38263276\"><div class=\"vce-col-content\" data-vce-element-content=\"true\" data-vce-do-apply=\"padding el-38263276\"><div class=\"vce-raw-html\"><div class=\"vce-raw-html-wrapper\" id=\"el-746497a7\" data-vce-do-apply=\"all el-746497a7\"><div id=\"widget\" class=\"widget-container-abq\">\n\t<h2>Loading widget...<\/h2>\n<\/div>\n\n<script src=\"https:\/\/widgets.blackpulp.com\/resources\/calvaryabq\/loader.js\"><\/script>\n\n<script>\n  bpPortal.service.addListener(\n    function(serviceName,service)\n    {\n      if(serviceName==='abq-groups')\n      {\n        service.init(\n          '#widget',\n          {\n            congregationId: [7,1],\n\t\t\tgroupTypeId: 19,\n            location: null,\n            attributeId: \"147\",\n            meetingDayId: null,\n            onGroupClick: function(group) {\n\t\t\t  console.log(group);\n\t\t\t  window.open('\/connect\/connect-groups\/group-detail\/?group_id='+group.Group_ID, '_blank');\n            }\n          });\n      }\n    });\n    bpPortal.service.load('abq-groups');\n<\/script>\n<style>\n\t.groups-filters, .group-meeting-location, .group-meeting-time { display: none !important;}\n\t.bp-portal-groups-map { margin-bottom: 3em;}\n\t\n\t.group-is-full {\n\t\tdisplay: none;\n\t}\n<\/style><\/div><\/div><\/div><\/div><\/div><\/div><\/div><\/div><\/div><\/div><\/div><\/div><\/div><\/div><div class=\"vce-row-container\" data-vce-boxed-width=\"true\"><div class=\"vce-row vce-row--col-gap-30 vce-row-content--top\" id=\"el-77f6b8b9\" data-vce-do-apply=\"all el-77f6b8b9\"><div class=\"vce-row-content\" data-vce-element-content=\"true\"><div class=\"vce-col vce-col--md-auto vce-col--xs-1 vce-col--xs-last vce-col--xs-first vce-col--sm-last vce-col--sm-first vce-col--md-last vce-col--lg-last vce-col--xl-last vce-col--md-first vce-col--lg-first vce-col--xl-first\" id=\"el-9f6e7710\"><div class=\"vce-col-inner\" data-vce-do-apply=\"border margin background  el-9f6e7710\"><div class=\"vce-col-content\" data-vce-element-content=\"true\" data-vce-do-apply=\"padding el-9f6e7710\"><div class=\"vce-empty-space-container\" id=\"el-a3d8a642\" data-vce-do-apply=\"margin el-a3d8a642\" style=\"--heightxs: 25px; --heightsm: 25px; --heightmd: 25px; --heightlg: 25px; --heightxl: 25px;\"><div class=\"vce vce-empty-space\" data-vce-do-apply=\"border padding background  el-a3d8a642\"><\/div><\/div><\/div><\/div><\/div><\/div><\/div><\/div>","protected":false},"excerpt":{"rendered":"<p>\u00bfQU\u00c9 SON LOS GRUPOS DE CONEXI\u00d3N?Los Grupos de Conexi\u00f3n (Connect Groups) son peque\u00f1os grupos comunitarios en l\u00ednea. Son un lugar para crecer en tu relaci\u00f3n con Jes\u00fas y con las personas. As\u00ed es como nos cuidamos unos a otros, donde multiplicamos las alegr\u00edas y dividimos las tristezas, donde otros pueden animar en tus fortalezas y [&hellip;]<\/p>\n","protected":false},"author":1,"featured_media":0,"parent":0,"menu_order":0,"comment_status":"closed","ping_status":"closed","template":"","meta":{"_acf_changed":false,"_monsterinsights_skip_tracking":false,"_monsterinsights_sitenote_active":false,"_monsterinsights_sitenote_note":"","_monsterinsights_sitenote_category":0,"footnotes":""},"class_list":["post-259","page","type-page","status-publish","hentry"],"acf":[],"yoast_head":"<!-- This site is optimized with the Yoast SEO plugin v27.4 - https:\/\/yoast.com\/product\/yoast-seo-wordpress\/ -->\n<title>Connect Groups - Calvary Church | Espa\u00f1ol<\/title>\n<meta name=\"robots\" content=\"index, follow, max-snippet:-1, max-image-preview:large, max-video-preview:-1\" \/>\n<link rel=\"canonical\" href=\"https:\/\/calvarynm.church\/espanol\/conectar\/\" \/>\n<meta property=\"og:locale\" content=\"en_US\" \/>\n<meta property=\"og:type\" content=\"article\" \/>\n<meta property=\"og:title\" content=\"Connect Groups - Calvary Church | Espa\u00f1ol\" \/>\n<meta property=\"og:description\" content=\"\u00bfQU\u00c9 SON LOS GRUPOS DE CONEXI\u00d3N?Los Grupos de Conexi\u00f3n (Connect Groups) son peque\u00f1os grupos comunitarios en l\u00ednea. Son un lugar para crecer en tu relaci\u00f3n con Jes\u00fas y con las personas. As\u00ed es como nos cuidamos unos a otros, donde multiplicamos las alegr\u00edas y dividimos las tristezas, donde otros pueden animar en tus fortalezas y [&hellip;]\" \/>\n<meta property=\"og:url\" content=\"https:\/\/calvarynm.church\/espanol\/conectar\/\" \/>\n<meta property=\"og:site_name\" content=\"Calvary Church | Espa\u00f1ol\" \/>\n<meta property=\"article:modified_time\" content=\"2024-08-06T20:28:28+00:00\" \/>\n<meta property=\"og:image\" content=\"https:\/\/calvarynm.church\/athome\/wp-content\/uploads\/sites\/3\/2020\/09\/CG-AtHome-Video-TVSlide-1280x720-V2-notext.jpg\" \/>\n<meta name=\"twitter:card\" content=\"summary_large_image\" \/>\n<script type=\"application\/ld+json\" class=\"yoast-schema-graph\">{\"@context\":\"https:\\\/\\\/schema.org\",\"@graph\":[{\"@type\":\"WebPage\",\"@id\":\"https:\\\/\\\/calvarynm.church\\\/espanol\\\/conectar\\\/\",\"url\":\"https:\\\/\\\/calvarynm.church\\\/espanol\\\/conectar\\\/\",\"name\":\"Connect Groups - Calvary Church | Espa\u00f1ol\",\"isPartOf\":{\"@id\":\"https:\\\/\\\/calvarynm.church\\\/espanol\\\/#website\"},\"primaryImageOfPage\":{\"@id\":\"https:\\\/\\\/calvarynm.church\\\/espanol\\\/conectar\\\/#primaryimage\"},\"image\":{\"@id\":\"https:\\\/\\\/calvarynm.church\\\/espanol\\\/conectar\\\/#primaryimage\"},\"thumbnailUrl\":\"https:\\\/\\\/calvarynm.church\\\/athome\\\/wp-content\\\/uploads\\\/sites\\\/3\\\/2020\\\/09\\\/CG-AtHome-Video-TVSlide-1280x720-V2-notext.jpg\",\"datePublished\":\"2018-11-19T21:43:56+00:00\",\"dateModified\":\"2024-08-06T20:28:28+00:00\",\"breadcrumb\":{\"@id\":\"https:\\\/\\\/calvarynm.church\\\/espanol\\\/conectar\\\/#breadcrumb\"},\"inLanguage\":\"en-US\",\"potentialAction\":[{\"@type\":\"ReadAction\",\"target\":[\"https:\\\/\\\/calvarynm.church\\\/espanol\\\/conectar\\\/\"]}]},{\"@type\":\"ImageObject\",\"inLanguage\":\"en-US\",\"@id\":\"https:\\\/\\\/calvarynm.church\\\/espanol\\\/conectar\\\/#primaryimage\",\"url\":\"https:\\\/\\\/calvarynm.church\\\/athome\\\/wp-content\\\/uploads\\\/sites\\\/3\\\/2020\\\/09\\\/CG-AtHome-Video-TVSlide-1280x720-V2-notext.jpg\",\"contentUrl\":\"https:\\\/\\\/calvarynm.church\\\/athome\\\/wp-content\\\/uploads\\\/sites\\\/3\\\/2020\\\/09\\\/CG-AtHome-Video-TVSlide-1280x720-V2-notext.jpg\"},{\"@type\":\"BreadcrumbList\",\"@id\":\"https:\\\/\\\/calvarynm.church\\\/espanol\\\/conectar\\\/#breadcrumb\",\"itemListElement\":[{\"@type\":\"ListItem\",\"position\":1,\"name\":\"Home\",\"item\":\"https:\\\/\\\/calvarynm.church\\\/espanol\\\/\"},{\"@type\":\"ListItem\",\"position\":2,\"name\":\"Connect Groups\"}]},{\"@type\":\"WebSite\",\"@id\":\"https:\\\/\\\/calvarynm.church\\\/espanol\\\/#website\",\"url\":\"https:\\\/\\\/calvarynm.church\\\/espanol\\\/\",\"name\":\"Calvary Church | Espa\u00f1ol\",\"description\":\"\",\"publisher\":{\"@id\":\"https:\\\/\\\/calvarynm.church\\\/espanol\\\/#organization\"},\"potentialAction\":[{\"@type\":\"SearchAction\",\"target\":{\"@type\":\"EntryPoint\",\"urlTemplate\":\"https:\\\/\\\/calvarynm.church\\\/espanol\\\/?s={search_term_string}\"},\"query-input\":{\"@type\":\"PropertyValueSpecification\",\"valueRequired\":true,\"valueName\":\"search_term_string\"}}],\"inLanguage\":\"en-US\"},{\"@type\":\"Organization\",\"@id\":\"https:\\\/\\\/calvarynm.church\\\/espanol\\\/#organization\",\"name\":\"Calvary Church | Espa\u00f1ol\",\"url\":\"https:\\\/\\\/calvarynm.church\\\/espanol\\\/\",\"logo\":{\"@type\":\"ImageObject\",\"inLanguage\":\"en-US\",\"@id\":\"https:\\\/\\\/calvarynm.church\\\/espanol\\\/#\\\/schema\\\/logo\\\/image\\\/\",\"url\":\"https:\\\/\\\/calvarynm.church\\\/espanol\\\/wp-content\\\/uploads\\\/sites\\\/5\\\/2018\\\/11\\\/logo-header.png\",\"contentUrl\":\"https:\\\/\\\/calvarynm.church\\\/espanol\\\/wp-content\\\/uploads\\\/sites\\\/5\\\/2018\\\/11\\\/logo-header.png\",\"width\":399,\"height\":126,\"caption\":\"Calvary Church | Espa\u00f1ol\"},\"image\":{\"@id\":\"https:\\\/\\\/calvarynm.church\\\/espanol\\\/#\\\/schema\\\/logo\\\/image\\\/\"}}]}<\/script>\n<!-- \/ Yoast SEO plugin. -->","yoast_head_json":{"title":"Connect Groups - Calvary Church | Espa\u00f1ol","robots":{"index":"index","follow":"follow","max-snippet":"max-snippet:-1","max-image-preview":"max-image-preview:large","max-video-preview":"max-video-preview:-1"},"canonical":"https:\/\/calvarynm.church\/espanol\/conectar\/","og_locale":"en_US","og_type":"article","og_title":"Connect Groups - Calvary Church | Espa\u00f1ol","og_description":"\u00bfQU\u00c9 SON LOS GRUPOS DE CONEXI\u00d3N?Los Grupos de Conexi\u00f3n (Connect Groups) son peque\u00f1os grupos comunitarios en l\u00ednea. Son un lugar para crecer en tu relaci\u00f3n con Jes\u00fas y con las personas. As\u00ed es como nos cuidamos unos a otros, donde multiplicamos las alegr\u00edas y dividimos las tristezas, donde otros pueden animar en tus fortalezas y [&hellip;]","og_url":"https:\/\/calvarynm.church\/espanol\/conectar\/","og_site_name":"Calvary Church | Espa\u00f1ol","article_modified_time":"2024-08-06T20:28:28+00:00","og_image":[{"url":"https:\/\/calvarynm.church\/athome\/wp-content\/uploads\/sites\/3\/2020\/09\/CG-AtHome-Video-TVSlide-1280x720-V2-notext.jpg","type":"","width":"","height":""}],"twitter_card":"summary_large_image","schema":{"@context":"https:\/\/schema.org","@graph":[{"@type":"WebPage","@id":"https:\/\/calvarynm.church\/espanol\/conectar\/","url":"https:\/\/calvarynm.church\/espanol\/conectar\/","name":"Connect Groups - Calvary Church | Espa\u00f1ol","isPartOf":{"@id":"https:\/\/calvarynm.church\/espanol\/#website"},"primaryImageOfPage":{"@id":"https:\/\/calvarynm.church\/espanol\/conectar\/#primaryimage"},"image":{"@id":"https:\/\/calvarynm.church\/espanol\/conectar\/#primaryimage"},"thumbnailUrl":"https:\/\/calvarynm.church\/athome\/wp-content\/uploads\/sites\/3\/2020\/09\/CG-AtHome-Video-TVSlide-1280x720-V2-notext.jpg","datePublished":"2018-11-19T21:43:56+00:00","dateModified":"2024-08-06T20:28:28+00:00","breadcrumb":{"@id":"https:\/\/calvarynm.church\/espanol\/conectar\/#breadcrumb"},"inLanguage":"en-US","potentialAction":[{"@type":"ReadAction","target":["https:\/\/calvarynm.church\/espanol\/conectar\/"]}]},{"@type":"ImageObject","inLanguage":"en-US","@id":"https:\/\/calvarynm.church\/espanol\/conectar\/#primaryimage","url":"https:\/\/calvarynm.church\/athome\/wp-content\/uploads\/sites\/3\/2020\/09\/CG-AtHome-Video-TVSlide-1280x720-V2-notext.jpg","contentUrl":"https:\/\/calvarynm.church\/athome\/wp-content\/uploads\/sites\/3\/2020\/09\/CG-AtHome-Video-TVSlide-1280x720-V2-notext.jpg"},{"@type":"BreadcrumbList","@id":"https:\/\/calvarynm.church\/espanol\/conectar\/#breadcrumb","itemListElement":[{"@type":"ListItem","position":1,"name":"Home","item":"https:\/\/calvarynm.church\/espanol\/"},{"@type":"ListItem","position":2,"name":"Connect Groups"}]},{"@type":"WebSite","@id":"https:\/\/calvarynm.church\/espanol\/#website","url":"https:\/\/calvarynm.church\/espanol\/","name":"Calvary Church | Espa\u00f1ol","description":"","publisher":{"@id":"https:\/\/calvarynm.church\/espanol\/#organization"},"potentialAction":[{"@type":"SearchAction","target":{"@type":"EntryPoint","urlTemplate":"https:\/\/calvarynm.church\/espanol\/?s={search_term_string}"},"query-input":{"@type":"PropertyValueSpecification","valueRequired":true,"valueName":"search_term_string"}}],"inLanguage":"en-US"},{"@type":"Organization","@id":"https:\/\/calvarynm.church\/espanol\/#organization","name":"Calvary Church | Espa\u00f1ol","url":"https:\/\/calvarynm.church\/espanol\/","logo":{"@type":"ImageObject","inLanguage":"en-US","@id":"https:\/\/calvarynm.church\/espanol\/#\/schema\/logo\/image\/","url":"https:\/\/calvarynm.church\/espanol\/wp-content\/uploads\/sites\/5\/2018\/11\/logo-header.png","contentUrl":"https:\/\/calvarynm.church\/espanol\/wp-content\/uploads\/sites\/5\/2018\/11\/logo-header.png","width":399,"height":126,"caption":"Calvary Church | Espa\u00f1ol"},"image":{"@id":"https:\/\/calvarynm.church\/espanol\/#\/schema\/logo\/image\/"}}]}},"_links":{"self":[{"href":"https:\/\/calvarynm.church\/espanol\/wp-json\/wp\/v2\/pages\/259","targetHints":{"allow":["GET"]}}],"collection":[{"href":"https:\/\/calvarynm.church\/espanol\/wp-json\/wp\/v2\/pages"}],"about":[{"href":"https:\/\/calvarynm.church\/espanol\/wp-json\/wp\/v2\/types\/page"}],"author":[{"embeddable":true,"href":"https:\/\/calvarynm.church\/espanol\/wp-json\/wp\/v2\/users\/1"}],"replies":[{"embeddable":true,"href":"https:\/\/calvarynm.church\/espanol\/wp-json\/wp\/v2\/comments?post=259"}],"version-history":[{"count":0,"href":"https:\/\/calvarynm.church\/espanol\/wp-json\/wp\/v2\/pages\/259\/revisions"}],"wp:attachment":[{"href":"https:\/\/calvarynm.church\/espanol\/wp-json\/wp\/v2\/media?parent=259"}],"curies":[{"name":"wp","href":"https:\/\/api.w.org\/{rel}","templated":true}]}}