{"id":573,"date":"2018-11-23T08:55:32","date_gmt":"2018-11-23T14:55:32","guid":{"rendered":"http:\/\/calvarynm.church\/nob-hill\/?page_id=573"},"modified":"2021-12-02T13:48:39","modified_gmt":"2021-12-02T20:48:39","slug":"team","status":"publish","type":"page","link":"https:\/\/calvarynm.church\/espanol\/about\/team\/","title":{"rendered":"Team"},"content":{"rendered":"<div class=\"vce-row-container\"><div class=\"vce-row vce-row--col-gap-30 vce-row-no-paddings vce-row-content--top\" data-vce-full-width=\"true\" data-vce-stretch-content=\"true\" id=\"el-a3b81909\" data-vce-do-apply=\"all el-a3b81909\"><div class=\"vce-row-content\" data-vce-element-content=\"true\"><div class=\"vce-col vce-col--md-auto vce-col--xs-1 vce-col--xs-last vce-col--xs-first vce-col--sm-last vce-col--sm-first vce-col--md-last vce-col--lg-last vce-col--xl-last vce-col--md-first vce-col--lg-first vce-col--xl-first\" id=\"el-39c6ac67\"><div class=\"vce-col-inner\" data-vce-do-apply=\"border margin background  el-39c6ac67\"><div class=\"vce-col-content\" data-vce-element-content=\"true\" data-vce-do-apply=\"padding el-39c6ac67\"><section class=\"vce-hero-section-container vce-hero-section-media--xs vce-hero-section-media--sm vce-hero-section-media--md vce-hero-section-media--lg vce-hero-section-media--xl\"><div class=\"vce vce-hero-section\" id=\"el-356d8ab9\" data-vce-do-apply=\"margin background border  el-356d8ab9\"><div class=\"vce-hero-section--wrap-row vce-hero-section--background-position-center-center\" style=\"background-image: url('https:\/\/calvarynm.church\/athome\/wp-content\/uploads\/sites\/3\/2021\/08\/team-photo-august-2021.jpg');\"><div class=\"vce-hero-section--wrap\"><div class=\"vce-hero-section--content\" data-vce-do-apply=\"padding el-356d8ab9\"><div class=\"vce-hero-section--content-container\"><h1>EQUIPO<\/h1><\/div><\/div><\/div><\/div><\/div><\/section><div class=\"vce-basic-menu-container\" id=\"el-ad45b4bf\" data-vce-basic-menu=\"true\" data-vce-basic-menu-to-sandwich=\"false\"><div class=\"vce-basic-menu-inner vce vce-basic-menu--style-text--color-b-255-255-255 vce-basic-menu--style-text--hover-color-b-193-124-50 vce-basic-menu--style-sub-menu-text--color-3E3D3D vce-basic-menu--style-sub-menu-background--color-ffffff vce-basic-menu--style-sub-menu-outline--color-EDEDED\" data-vce-do-apply=\"margin padding border background  el-ad45b4bf\"><div class=\"vce-basic-menu\" style=\"font-size: 14px;\"><div class=\"vce-basic-menu-wrapper vce-basic-menu--alignment-center\"><nav class=\"menu-about-container\"><ul  class=\"menu\"><li class=\"menu-item menu-item-type-post_type menu-item-object-page menu-item-1519\"><a href=\"https:\/\/calvarynm.church\/espanol\/about\/vision\/\">VISI\u00d3N<\/a><\/li>\n<li class=\"menu-item menu-item-type-post_type menu-item-object-page menu-item-1518\"><a href=\"https:\/\/calvarynm.church\/espanol\/about\/beliefs\/\">CREENCIAS<\/a><\/li>\n<li class=\"menu-item menu-item-type-post_type menu-item-object-page menu-item-607\"><a href=\"https:\/\/calvarynm.church\/espanol\/about\/team\/\">EQUIPO<\/a><\/li>\n<li class=\"menu-item menu-item-type-post_type menu-item-object-page menu-item-1520\"><a href=\"https:\/\/calvarynm.church\/espanol\/about\/common-questions\/\">PREGUNTAS COMUNES<\/a><\/li>\n<\/ul><\/nav><\/div><\/div><\/div><\/div><\/div><\/div><\/div><\/div><\/div><\/div><div class=\"vce-row-container\" data-vce-boxed-width=\"true\"><div class=\"vce-row vce-row--col-gap-30 vce-row-content--top\" id=\"el-03c80849\" data-vce-do-apply=\"all el-03c80849\"><div class=\"vce-content-background-container\"><\/div><div class=\"vce-row-content\" data-vce-element-content=\"true\"><div class=\"vce-col vce-col--md-auto vce-col--xs-1 vce-col--xs-last vce-col--xs-first vce-col--sm-last vce-col--sm-first vce-col--md-last vce-col--lg-last vce-col--xl-last vce-col--md-first vce-col--lg-first vce-col--xl-first\" id=\"el-61df7ede\"><div class=\"vce-col-inner\" data-vce-do-apply=\"border margin background  el-61df7ede\"><div class=\"vce-content-background-container\"><\/div><div class=\"vce-col-content\" data-vce-element-content=\"true\" data-vce-do-apply=\"padding el-61df7ede\"><div class=\"vce-google-fonts-heading vce-google-fonts-heading--align-center vce-google-fonts-heading--color-empty--45--5C00FF--FF7200 vce-google-fonts-heading--font-family-Oswald\"><div class=\"vce-google-fonts-heading-wrapper\"><div class=\"vce-google-fonts-heading--background vce\" id=\"el-9be53b86\" data-vce-do-apply=\"border background  padding margin el-9be53b86\"><h1 class=\"vce-google-fonts-heading-inner\" style=\"font-weight: 500;\">PASTOR PRINCIPAL<\/h1><\/div><\/div><\/div><\/div><\/div><\/div><\/div><\/div><\/div><div class=\"vce-row-container\" data-vce-boxed-width=\"true\"><div class=\"vce-row vce-row--col-gap-30 vce-row-content--top\" id=\"el-f5afec46\" data-vce-do-apply=\"all el-f5afec46\"><div class=\"vce-content-background-container\"><\/div><div class=\"vce-row-content\" data-vce-element-content=\"true\"><div class=\"vce-col vce-col--md-44-65p vce-col--xs-1 vce-col--xs-last vce-col--xs-first vce-col--sm-last vce-col--sm-first vce-col--md-first vce-col--lg-first vce-col--xl-first\" id=\"el-81653269\"><div class=\"vce-col-inner\" data-vce-do-apply=\"border margin background  el-81653269\"><div class=\"vce-col-content\" data-vce-element-content=\"true\" data-vce-do-apply=\"padding el-81653269\"><div class=\"vce-single-image-container vce-single-image--align-left\"><div class=\"vce vce-single-image-wrapper\" id=\"el-5375a525\" data-vce-do-apply=\"all el-5375a525\"><figure><div class=\"vce-single-image-inner vce-single-image--absolute\" style=\"padding-bottom: 123.585%; width: 424px;\"><img loading=\"lazy\" decoding=\"async\" class=\"vce-single-image vcv-lozad\" data-src=\"http:\/\/calvarynm.church\/wp-content\/uploads\/2018\/11\/Screen-Shot-2018-01-31-at-11.26.48-AM.png\" width=\"424\" height=\"524\" src=\"\" data-img-src=\"http:\/\/calvarynm.church\/wp-content\/uploads\/2018\/11\/Screen-Shot-2018-01-31-at-11.26.48-AM.png\" alt=\"\" title=\"Screen Shot 2018-01-31 at 11.26.48 AM\" \/><noscript>\r\n        <img loading=\"lazy\" decoding=\"async\" class=\"vce-single-image\" src=\"http:\/\/calvarynm.church\/wp-content\/uploads\/2018\/11\/Screen-Shot-2018-01-31-at-11.26.48-AM.png\" width=\"424\" height=\"524\" alt=\"\" title=\"Screen Shot 2018-01-31 at 11.26.48 AM\" \/>\r\n      <\/noscript><\/div><figcaption hidden=\"\"><\/figcaption><\/figure><\/div><\/div><div class=\"vce-text-block\"><div class=\"vce-text-block-wrapper vce\" id=\"el-9dfb1f08\" data-vce-do-apply=\"all el-9dfb1f08\"><span style=\"color: #c17c32;\"><strong><span class=\"\" style=\"font-size: 0.9rem;\">&nbsp; &nbsp; &nbsp;Skip Heitzig<\/span><\/strong><\/span><\/div><\/div><\/div><\/div><\/div><div class=\"vce-col vce-col--md-55-34p vce-col--xs-1 vce-col--xs-last vce-col--xs-first vce-col--sm-last vce-col--sm-first vce-col--md-last vce-col--lg-last vce-col--xl-last\" id=\"el-1347b735\"><div class=\"vce-col-inner\" data-vce-do-apply=\"border margin background  el-1347b735\"><div class=\"vce-col-content\" data-vce-element-content=\"true\" data-vce-do-apply=\"padding el-1347b735\"><div class=\"vce-text-block\"><div class=\"vce-text-block-wrapper vce\" id=\"el-b752e85d\" data-vce-do-apply=\"all el-b752e85d\"><p>Skip Heitzig ministra como pastor principal de la Iglesia Calvario. \u00c9l llega a miles de personas en todo el&nbsp;pa\u00eds y alrededor del mundo a trav\u00e9s de su ministerio de TV y radio,&nbsp;<em>Conecta con Skip Heitzig<\/em>. Es autor de&nbsp;varios libros incluyendo&nbsp;<em>La Biblia desde 30,000 Pies<\/em>,&nbsp;<em>Definiendo Normal<\/em>,&nbsp;<em>T\u00fa Puedes Entender el Libro&nbsp;de Revelaci\u00f3n<\/em>, y&nbsp;<em>Como Estudiar la Biblia y Disfrutarlo<\/em>. \u00c9l sirve en varios comit\u00e9s, incluyendo&nbsp;Samaritan\u2019s Purse y Harvest.&nbsp;<\/p><p>Skip y su esposa Lenya viven en Albuquerque, Nuevo M\u00e9xico junto con su \u00fanico hijo Nathan, su esposa&nbsp;Jana\u00e9 y sus hijos, Seth y Kaydence.&nbsp;<\/p><\/div><\/div><\/div><\/div><\/div><\/div><\/div><\/div><div class=\"vce-row-container\" data-vce-boxed-width=\"true\"><div class=\"vce-row vce-row--col-gap-30 vce-row-content--top\" id=\"el-c059a7e4\" data-vce-do-apply=\"all el-c059a7e4\"><div class=\"vce-row-content\" data-vce-element-content=\"true\"><div class=\"vce-col\" id=\"el-62948a55\"><div class=\"vce-col-inner\" data-vce-do-apply=\"border margin background  el-62948a55\"><div class=\"vce-col-content\" data-vce-element-content=\"true\" data-vce-do-apply=\"padding el-62948a55\"><\/div><\/div><\/div><\/div><\/div><\/div>\n","protected":false},"excerpt":{"rendered":"<p>EQUIPOPASTOR PRINCIPAL &nbsp; &nbsp; &nbsp;Skip HeitzigSkip Heitzig ministra como pastor principal de la Iglesia Calvario. \u00c9l llega a miles de personas en todo el&nbsp;pa\u00eds y alrededor del mundo a trav\u00e9s de su ministerio de TV y radio,&nbsp;Conecta con Skip Heitzig. Es autor de&nbsp;varios libros incluyendo&nbsp;La Biblia desde 30,000 Pies,&nbsp;Definiendo Normal,&nbsp;T\u00fa Puedes Entender el Libro&nbsp;de Revelaci\u00f3n, [&hellip;]<\/p>\n","protected":false},"author":1,"featured_media":0,"parent":138,"menu_order":0,"comment_status":"closed","ping_status":"closed","template":"","meta":{"_acf_changed":false,"_monsterinsights_skip_tracking":false,"_monsterinsights_sitenote_active":false,"_monsterinsights_sitenote_note":"","_monsterinsights_sitenote_category":0,"footnotes":""},"class_list":["post-573","page","type-page","status-publish","hentry"],"acf":[],"yoast_head":"<!-- This site is optimized with the Yoast SEO plugin v27.3 - https:\/\/yoast.com\/product\/yoast-seo-wordpress\/ -->\n<title>Team - Calvary Church | Espa\u00f1ol<\/title>\n<meta name=\"robots\" content=\"index, follow, max-snippet:-1, max-image-preview:large, max-video-preview:-1\" \/>\n<link rel=\"canonical\" href=\"https:\/\/calvarynm.church\/espanol\/about\/team\/\" \/>\n<meta property=\"og:locale\" content=\"en_US\" \/>\n<meta property=\"og:type\" content=\"article\" \/>\n<meta property=\"og:title\" content=\"Team - Calvary Church | Espa\u00f1ol\" \/>\n<meta property=\"og:description\" content=\"EQUIPOPASTOR PRINCIPAL &nbsp; &nbsp; &nbsp;Skip HeitzigSkip Heitzig ministra como pastor principal de la Iglesia Calvario. \u00c9l llega a miles de personas en todo el&nbsp;pa\u00eds y alrededor del mundo a trav\u00e9s de su ministerio de TV y radio,&nbsp;Conecta con Skip Heitzig. Es autor de&nbsp;varios libros incluyendo&nbsp;La Biblia desde 30,000 Pies,&nbsp;Definiendo Normal,&nbsp;T\u00fa Puedes Entender el Libro&nbsp;de Revelaci\u00f3n, [&hellip;]\" \/>\n<meta property=\"og:url\" content=\"https:\/\/calvarynm.church\/espanol\/about\/team\/\" \/>\n<meta property=\"og:site_name\" content=\"Calvary Church | Espa\u00f1ol\" \/>\n<meta property=\"article:modified_time\" content=\"2021-12-02T20:48:39+00:00\" \/>\n<meta property=\"og:image\" content=\"http:\/\/calvarynm.church\/wp-content\/uploads\/2018\/11\/Screen-Shot-2018-01-31-at-11.26.48-AM.png\" \/>\n<meta name=\"twitter:card\" content=\"summary_large_image\" \/>\n<meta name=\"twitter:label1\" content=\"Est. reading time\" \/>\n\t<meta name=\"twitter:data1\" content=\"1 minute\" \/>\n<script type=\"application\/ld+json\" class=\"yoast-schema-graph\">{\"@context\":\"https:\\\/\\\/schema.org\",\"@graph\":[{\"@type\":\"WebPage\",\"@id\":\"https:\\\/\\\/calvarynm.church\\\/espanol\\\/about\\\/team\\\/\",\"url\":\"https:\\\/\\\/calvarynm.church\\\/espanol\\\/about\\\/team\\\/\",\"name\":\"Team - Calvary Church | Espa\u00f1ol\",\"isPartOf\":{\"@id\":\"https:\\\/\\\/calvarynm.church\\\/espanol\\\/#website\"},\"primaryImageOfPage\":{\"@id\":\"https:\\\/\\\/calvarynm.church\\\/espanol\\\/about\\\/team\\\/#primaryimage\"},\"image\":{\"@id\":\"https:\\\/\\\/calvarynm.church\\\/espanol\\\/about\\\/team\\\/#primaryimage\"},\"thumbnailUrl\":\"http:\\\/\\\/calvarynm.church\\\/wp-content\\\/uploads\\\/2018\\\/11\\\/Screen-Shot-2018-01-31-at-11.26.48-AM.png\",\"datePublished\":\"2018-11-23T14:55:32+00:00\",\"dateModified\":\"2021-12-02T20:48:39+00:00\",\"breadcrumb\":{\"@id\":\"https:\\\/\\\/calvarynm.church\\\/espanol\\\/about\\\/team\\\/#breadcrumb\"},\"inLanguage\":\"en-US\",\"potentialAction\":[{\"@type\":\"ReadAction\",\"target\":[\"https:\\\/\\\/calvarynm.church\\\/espanol\\\/about\\\/team\\\/\"]}]},{\"@type\":\"ImageObject\",\"inLanguage\":\"en-US\",\"@id\":\"https:\\\/\\\/calvarynm.church\\\/espanol\\\/about\\\/team\\\/#primaryimage\",\"url\":\"http:\\\/\\\/calvarynm.church\\\/wp-content\\\/uploads\\\/2018\\\/11\\\/Screen-Shot-2018-01-31-at-11.26.48-AM.png\",\"contentUrl\":\"http:\\\/\\\/calvarynm.church\\\/wp-content\\\/uploads\\\/2018\\\/11\\\/Screen-Shot-2018-01-31-at-11.26.48-AM.png\"},{\"@type\":\"BreadcrumbList\",\"@id\":\"https:\\\/\\\/calvarynm.church\\\/espanol\\\/about\\\/team\\\/#breadcrumb\",\"itemListElement\":[{\"@type\":\"ListItem\",\"position\":1,\"name\":\"Home\",\"item\":\"https:\\\/\\\/calvarynm.church\\\/espanol\\\/\"},{\"@type\":\"ListItem\",\"position\":2,\"name\":\"About\",\"item\":\"https:\\\/\\\/calvarynm.church\\\/espanol\\\/about\\\/\"},{\"@type\":\"ListItem\",\"position\":3,\"name\":\"Team\"}]},{\"@type\":\"WebSite\",\"@id\":\"https:\\\/\\\/calvarynm.church\\\/espanol\\\/#website\",\"url\":\"https:\\\/\\\/calvarynm.church\\\/espanol\\\/\",\"name\":\"Calvary Church | Espa\u00f1ol\",\"description\":\"\",\"publisher\":{\"@id\":\"https:\\\/\\\/calvarynm.church\\\/espanol\\\/#organization\"},\"potentialAction\":[{\"@type\":\"SearchAction\",\"target\":{\"@type\":\"EntryPoint\",\"urlTemplate\":\"https:\\\/\\\/calvarynm.church\\\/espanol\\\/?s={search_term_string}\"},\"query-input\":{\"@type\":\"PropertyValueSpecification\",\"valueRequired\":true,\"valueName\":\"search_term_string\"}}],\"inLanguage\":\"en-US\"},{\"@type\":\"Organization\",\"@id\":\"https:\\\/\\\/calvarynm.church\\\/espanol\\\/#organization\",\"name\":\"Calvary Church | Espa\u00f1ol\",\"url\":\"https:\\\/\\\/calvarynm.church\\\/espanol\\\/\",\"logo\":{\"@type\":\"ImageObject\",\"inLanguage\":\"en-US\",\"@id\":\"https:\\\/\\\/calvarynm.church\\\/espanol\\\/#\\\/schema\\\/logo\\\/image\\\/\",\"url\":\"https:\\\/\\\/calvarynm.church\\\/espanol\\\/wp-content\\\/uploads\\\/sites\\\/5\\\/2018\\\/11\\\/logo-header.png\",\"contentUrl\":\"https:\\\/\\\/calvarynm.church\\\/espanol\\\/wp-content\\\/uploads\\\/sites\\\/5\\\/2018\\\/11\\\/logo-header.png\",\"width\":399,\"height\":126,\"caption\":\"Calvary Church | Espa\u00f1ol\"},\"image\":{\"@id\":\"https:\\\/\\\/calvarynm.church\\\/espanol\\\/#\\\/schema\\\/logo\\\/image\\\/\"}}]}<\/script>\n<!-- \/ Yoast SEO plugin. -->","yoast_head_json":{"title":"Team - Calvary Church | Espa\u00f1ol","robots":{"index":"index","follow":"follow","max-snippet":"max-snippet:-1","max-image-preview":"max-image-preview:large","max-video-preview":"max-video-preview:-1"},"canonical":"https:\/\/calvarynm.church\/espanol\/about\/team\/","og_locale":"en_US","og_type":"article","og_title":"Team - Calvary Church | Espa\u00f1ol","og_description":"EQUIPOPASTOR PRINCIPAL &nbsp; &nbsp; &nbsp;Skip HeitzigSkip Heitzig ministra como pastor principal de la Iglesia Calvario. \u00c9l llega a miles de personas en todo el&nbsp;pa\u00eds y alrededor del mundo a trav\u00e9s de su ministerio de TV y radio,&nbsp;Conecta con Skip Heitzig. Es autor de&nbsp;varios libros incluyendo&nbsp;La Biblia desde 30,000 Pies,&nbsp;Definiendo Normal,&nbsp;T\u00fa Puedes Entender el Libro&nbsp;de Revelaci\u00f3n, [&hellip;]","og_url":"https:\/\/calvarynm.church\/espanol\/about\/team\/","og_site_name":"Calvary Church | Espa\u00f1ol","article_modified_time":"2021-12-02T20:48:39+00:00","og_image":[{"url":"http:\/\/calvarynm.church\/wp-content\/uploads\/2018\/11\/Screen-Shot-2018-01-31-at-11.26.48-AM.png","type":"","width":"","height":""}],"twitter_card":"summary_large_image","twitter_misc":{"Est. reading time":"1 minute"},"schema":{"@context":"https:\/\/schema.org","@graph":[{"@type":"WebPage","@id":"https:\/\/calvarynm.church\/espanol\/about\/team\/","url":"https:\/\/calvarynm.church\/espanol\/about\/team\/","name":"Team - Calvary Church | Espa\u00f1ol","isPartOf":{"@id":"https:\/\/calvarynm.church\/espanol\/#website"},"primaryImageOfPage":{"@id":"https:\/\/calvarynm.church\/espanol\/about\/team\/#primaryimage"},"image":{"@id":"https:\/\/calvarynm.church\/espanol\/about\/team\/#primaryimage"},"thumbnailUrl":"http:\/\/calvarynm.church\/wp-content\/uploads\/2018\/11\/Screen-Shot-2018-01-31-at-11.26.48-AM.png","datePublished":"2018-11-23T14:55:32+00:00","dateModified":"2021-12-02T20:48:39+00:00","breadcrumb":{"@id":"https:\/\/calvarynm.church\/espanol\/about\/team\/#breadcrumb"},"inLanguage":"en-US","potentialAction":[{"@type":"ReadAction","target":["https:\/\/calvarynm.church\/espanol\/about\/team\/"]}]},{"@type":"ImageObject","inLanguage":"en-US","@id":"https:\/\/calvarynm.church\/espanol\/about\/team\/#primaryimage","url":"http:\/\/calvarynm.church\/wp-content\/uploads\/2018\/11\/Screen-Shot-2018-01-31-at-11.26.48-AM.png","contentUrl":"http:\/\/calvarynm.church\/wp-content\/uploads\/2018\/11\/Screen-Shot-2018-01-31-at-11.26.48-AM.png"},{"@type":"BreadcrumbList","@id":"https:\/\/calvarynm.church\/espanol\/about\/team\/#breadcrumb","itemListElement":[{"@type":"ListItem","position":1,"name":"Home","item":"https:\/\/calvarynm.church\/espanol\/"},{"@type":"ListItem","position":2,"name":"About","item":"https:\/\/calvarynm.church\/espanol\/about\/"},{"@type":"ListItem","position":3,"name":"Team"}]},{"@type":"WebSite","@id":"https:\/\/calvarynm.church\/espanol\/#website","url":"https:\/\/calvarynm.church\/espanol\/","name":"Calvary Church | Espa\u00f1ol","description":"","publisher":{"@id":"https:\/\/calvarynm.church\/espanol\/#organization"},"potentialAction":[{"@type":"SearchAction","target":{"@type":"EntryPoint","urlTemplate":"https:\/\/calvarynm.church\/espanol\/?s={search_term_string}"},"query-input":{"@type":"PropertyValueSpecification","valueRequired":true,"valueName":"search_term_string"}}],"inLanguage":"en-US"},{"@type":"Organization","@id":"https:\/\/calvarynm.church\/espanol\/#organization","name":"Calvary Church | Espa\u00f1ol","url":"https:\/\/calvarynm.church\/espanol\/","logo":{"@type":"ImageObject","inLanguage":"en-US","@id":"https:\/\/calvarynm.church\/espanol\/#\/schema\/logo\/image\/","url":"https:\/\/calvarynm.church\/espanol\/wp-content\/uploads\/sites\/5\/2018\/11\/logo-header.png","contentUrl":"https:\/\/calvarynm.church\/espanol\/wp-content\/uploads\/sites\/5\/2018\/11\/logo-header.png","width":399,"height":126,"caption":"Calvary Church | Espa\u00f1ol"},"image":{"@id":"https:\/\/calvarynm.church\/espanol\/#\/schema\/logo\/image\/"}}]}},"_links":{"self":[{"href":"https:\/\/calvarynm.church\/espanol\/wp-json\/wp\/v2\/pages\/573","targetHints":{"allow":["GET"]}}],"collection":[{"href":"https:\/\/calvarynm.church\/espanol\/wp-json\/wp\/v2\/pages"}],"about":[{"href":"https:\/\/calvarynm.church\/espanol\/wp-json\/wp\/v2\/types\/page"}],"author":[{"embeddable":true,"href":"https:\/\/calvarynm.church\/espanol\/wp-json\/wp\/v2\/users\/1"}],"replies":[{"embeddable":true,"href":"https:\/\/calvarynm.church\/espanol\/wp-json\/wp\/v2\/comments?post=573"}],"version-history":[{"count":0,"href":"https:\/\/calvarynm.church\/espanol\/wp-json\/wp\/v2\/pages\/573\/revisions"}],"up":[{"embeddable":true,"href":"https:\/\/calvarynm.church\/espanol\/wp-json\/wp\/v2\/pages\/138"}],"wp:attachment":[{"href":"https:\/\/calvarynm.church\/espanol\/wp-json\/wp\/v2\/media?parent=573"}],"curies":[{"name":"wp","href":"https:\/\/api.w.org\/{rel}","templated":true}]}}